{"id":1536,"date":"2019-09-20T12:11:33","date_gmt":"2019-09-20T10:11:33","guid":{"rendered":"https:\/\/soswmyslenice.edu.pl\/new\/?page_id=1536"},"modified":"2026-02-27T13:26:53","modified_gmt":"2026-02-27T12:26:53","slug":"deklaracja-dostepnosci","status":"publish","type":"page","link":"https:\/\/soswmyslenice.edu.pl\/new\/index.php\/deklaracja-dostepnosci\/","title":{"rendered":"Deklaracja dost\u0119pno\u015bci"},"content":{"rendered":"<div class=\"wpb-content-wrapper\"><p>[vc_row][vc_column][vc_column_text css=&#8221;&#8221;]<\/p>\r\n<h2>Deklaracja dost\u0119pno\u015bci<\/h2>\r\n<!-- \/wp:post-content -->\r\n<p>&nbsp;<\/p>\r\n<!-- wp:heading {\"level\":3} -->\r\n<h3>Dla strony internetowej www.soswmyslenice.edu.pl<\/h3>\r\n<!-- \/wp:heading -->\r\n<p>&nbsp;<\/p>\r\n<!-- wp:html --><header>\r\n<h2>Dane teleadresowe jednostki:<\/h2>\r\n<p>Specjalny O\u015brodek Szkolno\u2013Wychowawczy w My\u015blenicach (w skr\u00f3cie SOSW)<\/p>\r\n<p>Adres korespondencyjny: ul. 3 Maja 97 B, 32-400 My\u015blenice<\/p>\r\n<p>Telefon: +48 12 272-13-04<\/p>\r\n<p>Email: sekretariat@soswmyslenice.edu.pl<\/p>\r\n<\/header><!-- \/wp:html -->\r\n<p>&nbsp;<\/p>\r\n<!-- wp:heading -->\r\n<h2><span id=\"a11y-wstep\">Wst\u0119p deklaracji<\/span><\/h2>\r\n<!-- \/wp:heading -->\r\n<p><!-- wp:paragraph --><span id=\"a11y-podmiot\">Specjalny O\u015brodek Szkolno-Wychowawczy w My\u015blenicach<\/span> zobowi\u0105zuje si\u0119 zapewni\u0107 dost\u0119pno\u015b\u0107 swojej <span id=\"a11y-zakres\">strony internetowej<\/span> www.soswmyslenice.edu.pl zgodnie z przepisami ustawy z dnia 4 kwietnia 2019 r. o dost\u0119pno\u015bci cyfrowej stron internetowych i aplikacji mobilnych podmiot\u00f3w publicznych. O\u015bwiadczenie w sprawie dost\u0119pno\u015bci ma zastosowanie do strony internetowej <a id=\"a11y-url\" href=\"http:\/\/www.soswmyslenice.edu.pl\" target=\"_blank\" rel=\"noopener noreferrer\"><mark class=\"has-inline-color\" style=\"background-color: rgba(0, 0, 0, 0); color: #936b00;\">www.soswmyslenice.edu.pl<\/mark><\/a>.<\/p>\r\n<!-- \/wp:paragraph -->\r\n<p>&nbsp;<\/p>\r\n<!-- wp:html -->\r\n<h2>Przygotowanie deklaracji dost\u0119pno\u015bci i jej aktualizacja<\/h2>\r\n<p>Data publikacji strony: <time id=\"a11y-data-publikacja\" datetime=\"2014-1-15\">15 stycznia 2014<\/time><\/p>\r\n<p>Data ostatniej aktualizacji: <time id=\"a11y-data-aktualizacja\" datetime=\"2020-11-18\">18 listopada 2020<\/time><\/p>\r\n<p>Data sporz\u0105dzenia deklaracji: <time id=\"a11y-data-sporzadzenie\" datetime=\"2019-09-20\">20 wrzesie\u0144 2020 rok<\/time><\/p>\r\n<p>Data aktualizacji deklaracji: <time id=\"a11y-data-przeglad\" datetime=\"2025-03-12\">12 marzec 2025 rok<\/time><\/p>\r\n<!-- \/wp:html -->\r\n<p>&nbsp;<\/p>\r\n<!-- wp:separator {\"className\":\"is-style-default\"} --><hr class=\"wp-block-separator is-style-default\" \/><!-- \/wp:separator -->\r\n<p>&nbsp;<\/p>\r\n<!-- wp:html -->\r\n<h2>Stan dost\u0119pno\u015bci cyfrowej<\/h2>\r\n<p id=\"a11y-status\">Ta strona internetowa jest cz\u0119\u015bciowo zgodna z za\u0142\u0105cznikiem do ustawy o dost\u0119pno\u015bci cyfrowej z dnia 4 kwietnia 2019 r. o dost\u0119pno\u015bci cyfrowej stron internetowych i aplikacji mobilnych podmiot\u00f3w publicznych z powodu [niezgodno\u015bci i wy\u0142\u0105cze\u0144] wymienionych poni\u017cej.<\/p>\r\n<h2>Niedost\u0119pne tre\u015bci<\/h2>\r\n<h3>Niezgodno\u015b\u0107 z za\u0142\u0105cznikiem<\/h3>\r\n<ul>\r\n<li>nawigacja za pomoc\u0105 klawiatury jest niepe\u0142na na kluczowych elementach interaktywnych<\/li>\r\n<li>Wizualny wska\u017anik fokusu (np. ramka pod\u015bwietlaj\u0105ca) podczas poruszania si\u0119 klawiszem Tab jest niewidoczny podczas tabulacji<\/li>\r\n<li>dokumenty tekstowe mog\u0105 nie zawiera\u0107 tag\u00f3w oraz zawiera\u0107 nieopisane elementy graficzne, poniewa\u017c by\u0142y opublikowane przed wej\u015bciem w \u017cycie ustawy o dost\u0119pno\u015bci cyfrowej lub pochodz\u0105 ze \u017ar\u00f3de\u0142 zewn\u0119trznych<\/li>\r\n<li>zdj\u0119cia i\u00a0grafiki osadzone w\u00a0tre\u015bci dokumentu mog\u0105 zawiera\u0107 niepoprawne opisy, poniewa\u017c by\u0142y opublikowane przed wej\u015bciem w\u00a0\u017cycie ustawy o\u00a0dost\u0119pno\u015bci cyfrowej<\/li>\r\n<li>tabele osadzone w\u00a0tre\u015bci dokumentu mog\u0105 nie posiada\u0107 nag\u0142\u00f3wk\u00f3w oraz opis\u00f3w kolumn i\u00a0wierszy, poniewa\u017c by\u0142y opublikowane przed wej\u015bciem w\u00a0\u017cycie ustawy o\u00a0dost\u0119pno\u015bci cyfrowej<\/li>\r\n<\/ul>\r\n<h3>Strona posiada nast\u0119puj\u0105ce u\u0142atwienia dla os\u00f3b z\u00a0niepe\u0142nosprawno\u015bciami:<\/h3>\r\n<ul>\r\n<li>powi\u0119kszanie i pomniejszanie tekstu<\/li>\r\n<li>podwy\u017cszony kontrast<\/li>\r\n<li>szary<\/li>\r\n<li>negatyw<\/li>\r\n<li>jasne t\u0142o<\/li>\r\n<li>mo\u017cliwo\u015b\u0107 powi\u0119kszenia wielko\u015bci liter na stronie<\/li>\r\n<li>podkre\u015blenie link\u00f3w<\/li>\r\n<li>informacje w tek\u015bcie \u0142atwym do czytania (ETR)<\/li>\r\n<li>informacje w postaci tekstu odczytywalnego maszynowo<\/li>\r\n<li>alternatywne opisy grafiki<\/li>\r\n<\/ul>\r\n<h3>Tre\u015bci nieobj\u0119te przepisami<\/h3>\r\n<ul>\r\n<li>dokumenty opublikowane przed 23 wrze\u015bnia 2018r. nie s\u0105 dost\u0119pne cyfrowo. Je\u015bli potrzebujesz, kt\u00f3rego\u015b z nich w formie dost\u0119pnej, skontaktuj si\u0119 z nami i wska\u017c, o kt\u00f3ry dokument chodzi.<\/li>\r\n<li>elementy osadzone pochodz\u0105ce od zewn\u0119trznych dostawc\u00f3w, wy\u0142\u0105czone s\u0105 z\u00a0obowi\u0105zku zapewniania dost\u0119pno\u015bci<\/li>\r\n<\/ul>\r\n<p>Deklaracj\u0119 sporz\u0105dzili\u015bmy na podstawie samooceny zu\u017cyciem narz\u0119dzi WAVE Web Accessibility Evaluation Tools oraz w oparciu o\u00a0<a href=\"https:\/\/www.gov.pl\/attachment\/1a3e2bb5-6d60-4897-ac2f-07a8e91e70ed\">List\u0119 kontroln\u0105 do badania dost\u0119pno\u015bci cyfrowej strony internetowej v. 2.2 (docx, 0,12MB)<\/a>.<\/p>\r\n<hr class=\"wp-block-separator is-style-default\" \/>\r\n<h2>Pozosta\u0142e informacje<\/h2>\r\n<section id=\"a11y-architektura\">\r\n<h3>Dost\u0119pno\u015b\u0107 architektoniczna<\/h3>\r\n<p>W budynku Specjalnego O\u015brodka Szkolno-wychowawczego w My\u015blenicach przy ulicy 3 Maja 97 B \u2013 spe\u0142niaj\u0105 minimalne wymagania zgodne z\u00a0ustaw\u0105 z\u00a0dnia 19 lipca 2019 r. o\u00a0zapewnianiu dost\u0119pno\u015bci osobom ze szczeg\u00f3lnymi potrzebami.<\/p>\r\n<h3>W zakresie dost\u0119pno\u015bci architektonicznej:<\/h3>\r\n<ul>\r\n<li>przestrzenie komunikacyjne budynk\u00f3w wolne od barier poziomych i pionowych (komunikacja pozioma \u2013 korytarze na jednym poziomie, komunikacja pionowa \u2013 winda),<\/li>\r\n<li>winda posiada komunikaty g\u0142osowe<\/li>\r\n<li>jest wyznaczone miejsce parkingowe dla os\u00f3b niepe\u0142nosprawnych<\/li>\r\n<li>instalacja urz\u0105dze\u0144 lub zastosowanie \u015brodk\u00f3w technicznych i rozwi\u0105za\u0144 architektonicznych w budynku, kt\u00f3re umo\u017cliwiaj\u0105 dost\u0119p do wszystkich pomieszcze\u0144 \u2013 rampy podjazdowe, winda, drzwi aluminiowe z uchwytem do otwierania, toalety przystosowane dla potrzeb os\u00f3b niepe\u0142nosprawnych na ka\u017cdym pi\u0119trze budynku<\/li>\r\n<li>zapewnienie informacji na temat rozk\u0142adu pomieszcze\u0144 w budynku, co najmniej w spos\u00f3b wizualny &#8211; piktogramy przy drzwiach i dotykowy lub g\u0142osowy \u2013 pracownik sekretariatu,<\/li>\r\n<li>zapewnienie wst\u0119pu do budynku osobie korzystaj\u0105cej z psa asystuj\u0105cego \u2013 na teren budynku mo\u017cna wej\u015b\u0107 z psem asystuj\u0105cym oraz psem przewodnikiem.<\/li>\r\n<li>zapewnienie osobom ze szczeg\u00f3lnymi potrzebami mo\u017cliwo\u015bci ewakuacji lub ich uratowania w inny spos\u00f3b \u2013 komunikaty d\u017awi\u0119kowe, oznaczenia dr\u00f3g ewakuacyjnych, szkolenia i instrukcje dla os\u00f3b funkcyjnych z zakresu ochrony przeciwpo\u017carowej i zasad post\u0119powania na wypadek ewakuacji,<\/li>\r\n<\/ul>\r\n<\/section>\r\n<section id=\"a11y-komunikacja\">\r\n<h3>Dost\u0119pno\u015b\u0107 komunikacyjno-informacyjna<\/h3>\r\n<ul>\r\n<li>obs\u0142uga z wykorzystaniem \u015brodk\u00f3w wspieraj\u0105cych komunikowanie si\u0119 \u2013 w budynku nie ma t\u0142umacza j\u0119zyka migowego, ani mo\u017cliwo\u015bci skorzystania z us\u0142ugi t\u0142umacza on-line. Konieczno\u015b\u0107 kontaktu z udzia\u0142em t\u0142umacza j\u0119zyka migowego nale\u017cy zg\u0142osi\u0107 minimum na 3 dni przed planowan\u0105 wizyt\u0105.<\/li>\r\n<li>instalacja urz\u0105dze\u0144 lub innych \u015brodk\u00f3w technicznych do obs\u0142ugi os\u00f3b s\u0142abos\u0142ysz\u0105cych \u2013 obs\u0142ug\u0119 prowadzi wyznaczony pracownik<\/li>\r\n<li>O\u015brodek zapewnia mo\u017cliwo\u015b\u0107 skorzystania ze wsparcia poprzez komunikacj\u0119 alternatywn\u0105<\/li>\r\n<\/ul>\r\n<\/section>\r\n<!-- \/wp:html -->\r\n<p>&nbsp;<\/p>\r\n<!-- wp:group -->\r\n<div class=\"wp-block-group\"><!-- wp:separator --><hr class=\"wp-block-separator\" \/><!-- \/wp:separator -->\r\n\r\n<!-- wp:html -->\r\n<section id=\"a11y-procedura\">\r\n<h3>Informacje zwrotne i dane kontaktowe<\/h3>\r\n<!-- \/wp:html -->\r\n\r\n<!-- wp:heading {\"level\":3} -->\r\n<h3>Obs\u0142uga wniosk\u00f3w i skarg zwi\u0105zanych z dost\u0119pno\u015bci\u0105<\/h3>\r\n<!-- \/wp:heading -->\r\n\r\n<!-- wp:group -->\r\n<div class=\"wp-block-group\"><!-- wp:paragraph -->W Specjalnym O\u015brodku Szkolno-Wychowawczym w My\u015blenicach koordynatorem realizacji spraw w zakresie dost\u0119pno\u015bci cyfrowej strony internetowej www.soswmyslenice.edu.pl wyznaczona zosta\u0142a pani <span id=\"a11y-kontakt\">Anna Salawa<\/span>,<br \/>e-mail: <span id=\"a11y-email\">asalawa@soswmyslenice.edu.pl<\/span>,<br \/>telefon: <span id=\"a11y-telefon\">12 272 13 04<\/span> <!-- \/wp:paragraph -->\r\n<p><!-- wp:paragraph -->T\u0105 sam\u0105 drog\u0105 mo\u017cna sk\u0142ada\u0107 wnioski o udost\u0119pnienie informacji niedost\u0119pnej oraz sk\u0142ada\u0107 skargi na brak zapewnienia dost\u0119pno\u015bci.<\/p>\r\n<!-- \/wp:paragraph -->\r\n<p><!-- wp:paragraph -->Ka\u017cdy ma prawo:<\/p>\r\n<!-- \/wp:paragraph -->\r\n\r\n<!-- wp:list -->\r\n<ul>\r\n<li>zg\u0142osi\u0107 uwagi dotycz\u0105ce dost\u0119pno\u015bci cyfrowej strony lub jej elementu,<\/li>\r\n<li>zg\u0142osi\u0107 \u017c\u0105danie zapewnienia dost\u0119pno\u015bci cyfrowej strony lub jej elementu,<\/li>\r\n<li>wnioskowa\u0107 o udost\u0119pnienie niedost\u0119pnej informacji w innej alternatywnej formie.<\/li>\r\n<\/ul>\r\n<!-- \/wp:list -->\r\n<p><!-- wp:paragraph -->\u017b\u0105danie musi zawiera\u0107:<\/p>\r\n<!-- \/wp:paragraph -->\r\n\r\n<!-- wp:list -->\r\n<ul>\r\n<li>dane kontaktowe osoby zg\u0142aszaj\u0105cej,<\/li>\r\n<li>wskazanie strony lub elementu strony, kt\u00f3rej dotyczy \u017c\u0105danie,<\/li>\r\n<li>wskazanie dogodnej formy udost\u0119pnienia informacji, je\u015bli \u017c\u0105danie dotyczy udost\u0119pnienia w formie alternatywnej informacji niedost\u0119pnej.<\/li>\r\n<\/ul>\r\n<!-- \/wp:list -->\r\n<p><!-- wp:paragraph -->Rozpatrzenie zg\u0142oszenia powinno nast\u0105pi\u0107 niezw\u0142ocznie, najp\u00f3\u017aniej w ci\u0105gu 7 dni. Je\u015bli w tym terminie zapewnienie dost\u0119pno\u015bci albo zapewnienie dost\u0119pu w alternatywnej formie nie jest mo\u017cliwe, powinno nast\u0105pi\u0107 najdalej w ci\u0105gu 2 miesi\u0119cy od daty zg\u0142oszenia.<\/p>\r\n<!-- \/wp:paragraph -->\r\n\r\n<!-- wp:heading {\"level\":3} -->\r\n<h3>Skargi i odwo\u0142ania<\/h3>\r\n<!-- \/wp:heading -->\r\n<p><!-- wp:paragraph -->Na niedotrzymanie tych termin\u00f3w oraz na odmow\u0119 realizacji \u017c\u0105dania mo\u017cna z\u0142o\u017cy\u0107 skarg\u0119 z\u00a0zastosowaniem przepis\u00f3w ustawy z\u00a0dnia 14 czerwca 1960 r. Kodeks post\u0119powania administracyjnego, a\u00a0tak\u017ce powiadomi\u0107 Rzecznika Praw Obywatelskich:\u00a0<a href=\"https:\/\/www.rpo.gov.pl\/\" target=\"_blank\" rel=\"noreferrer noopener\"><mark class=\"has-inline-color\" style=\"background-color: rgba(0, 0, 0, 0); color: #936b00;\">www.rpo.gov.pl<\/mark><\/a><\/p>\r\n<p><!-- \/wp:paragraph --><\/p>\r\n<\/div>\r\n<!-- \/wp:group -->\r\n<p><!-- wp:html -->Ka\u017cdy ma prawo do wyst\u0105pienia z \u017c\u0105daniem zapewnienia dost\u0119pno\u015bci cyfrowej strony internetowej, aplikacji mobilnej lub jakiego\u015b ich elementu. Mo\u017cna tak\u017ce za\u017c\u0105da\u0107 udost\u0119pnienia informacji za pomoc\u0105 alternatywnego sposobu dost\u0119pu, na przyk\u0142ad przez odczytanie niedost\u0119pnego cyfrowo dokumentu, opisanie zawarto\u015bci filmu bez audiodeskrypcji itp. \u017b\u0105danie powinno zawiera\u0107 dane osoby zg\u0142aszaj\u0105cej \u017c\u0105danie, wskazanie, o kt\u00f3r\u0105 stron\u0119 internetow\u0105 lub aplikacj\u0119 mobiln\u0105 chodzi oraz spos\u00f3b kontaktu. Je\u017celi osoba \u017c\u0105daj\u0105ca zg\u0142asza potrzeb\u0119 otrzymania informacji za pomoc\u0105 alternatywnego sposobu dost\u0119pu, powinna tak\u017ce okre\u015bli\u0107 dogodny dla niej spos\u00f3b przedstawienia tej informacji. Podmiot publiczny powinien zrealizowa\u0107 \u017c\u0105danie niezw\u0142ocznie, nie p\u00f3\u017aniej ni\u017c w ci\u0105gu 7 dni od dnia wyst\u0105pienia z \u017c\u0105daniem. Je\u017celi dotrzymanie tego terminu nie jest mo\u017cliwe, podmiot publiczny niezw\u0142ocznie informuje o tym wnosz\u0105cego \u017c\u0105danie, kiedy realizacja \u017c\u0105dania b\u0119dzie mo\u017cliwa, przy czym termin ten nie mo\u017ce by\u0107 d\u0142u\u017cszy ni\u017c 2 miesi\u0105ce od dnia wyst\u0105pienia z \u017c\u0105daniem. Je\u017celi zapewnienie dost\u0119pno\u015bci cyfrowej nie jest mo\u017cliwe, podmiot publiczny mo\u017ce zaproponowa\u0107 alternatywny spos\u00f3b dost\u0119pu do informacji. W przypadku, gdy podmiot publiczny odm\u00f3wi realizacji \u017c\u0105dania zapewnienia dost\u0119pno\u015bci lub alternatywnego sposobu dost\u0119pu do informacji, wnosz\u0105cy \u017c\u0105danie mo\u017cne z\u0142o\u017cy\u0107 skarg\u0119 w sprawie zapewniana dost\u0119pno\u015bci cyfrowej strony internetowej, aplikacji mobilnej lub elementu strony internetowej, lub aplikacji mobilnej. Po wyczerpaniu wskazanej wy\u017cej procedury mo\u017cna tak\u017ce z\u0142o\u017cy\u0107 wniosek do Rzecznika Praw Obywatelskich.<a href=\"https:\/\/www.rpo.gov.pl\/content\/jak-zglosic-sie-do-rzecznika-praw-obywatelskich\" target=\"_blank\" rel=\"noopener noreferrer\">Strona internetowa Rzecznika Praw Obywatelskich<\/a><\/p>\r\n<\/section>\r\n<!-- \/wp:html -->\r\n\r\n<!-- wp:separator --><hr class=\"wp-block-separator\" \/><!-- \/wp:separator -->\r\n\r\n<!-- wp:html -->\r\n<section id=\"a11y-aplikacje\">\r\n<h2>Aplikacje mobilne<\/h2>\r\n<p>Specjalny O\u015brodek Szkolno &#8211; Wychowawczy w My\u015blenicach nie posiada aplikacji mobilnych<\/p>\r\n<\/section>\r\n<p><!-- \/wp:html --><\/p>\r\n<\/div>\r\n<!-- \/wp:group -->\r\n<p>&nbsp;<\/p>\r\n<!-- wp:separator {\"className\":\"is-style-wide\"} --><hr class=\"wp-block-separator is-style-wide\" \/>\r\n<p><!-- \/wp:separator -->\u00a0<\/p>\r\n<p>[\/vc_column_text][\/vc_column][\/vc_row]<\/p><\/div>","protected":false},"excerpt":{"rendered":"<p>[vc_row][vc_column][vc_column_text css=&#8221;&#8221;] Deklaracja dost\u0119pno\u015bci &nbsp; Dla strony internetowej www.soswmyslenice.edu.pl &nbsp; Dane teleadresowe jednostki: Specjalny O\u015brodek Szkolno\u2013Wychowawczy w My\u015blenicach (w skr\u00f3cie SOSW) Adres korespondencyjny: ul. 3&hellip;<\/p>\n","protected":false},"author":3,"featured_media":0,"parent":0,"menu_order":0,"comment_status":"closed","ping_status":"closed","template":"","meta":{"footnotes":""},"class_list":["post-1536","page","type-page","status-publish","hentry"],"_links":{"self":[{"href":"https:\/\/soswmyslenice.edu.pl\/new\/index.php\/wp-json\/wp\/v2\/pages\/1536","targetHints":{"allow":["GET"]}}],"collection":[{"href":"https:\/\/soswmyslenice.edu.pl\/new\/index.php\/wp-json\/wp\/v2\/pages"}],"about":[{"href":"https:\/\/soswmyslenice.edu.pl\/new\/index.php\/wp-json\/wp\/v2\/types\/page"}],"author":[{"embeddable":true,"href":"https:\/\/soswmyslenice.edu.pl\/new\/index.php\/wp-json\/wp\/v2\/users\/3"}],"replies":[{"embeddable":true,"href":"https:\/\/soswmyslenice.edu.pl\/new\/index.php\/wp-json\/wp\/v2\/comments?post=1536"}],"version-history":[{"count":121,"href":"https:\/\/soswmyslenice.edu.pl\/new\/index.php\/wp-json\/wp\/v2\/pages\/1536\/revisions"}],"predecessor-version":[{"id":4837,"href":"https:\/\/soswmyslenice.edu.pl\/new\/index.php\/wp-json\/wp\/v2\/pages\/1536\/revisions\/4837"}],"wp:attachment":[{"href":"https:\/\/soswmyslenice.edu.pl\/new\/index.php\/wp-json\/wp\/v2\/media?parent=1536"}],"curies":[{"name":"wp","href":"https:\/\/api.w.org\/{rel}","templated":true}]}}