{"id":2125,"date":"2021-03-31T12:48:55","date_gmt":"2021-03-31T10:48:55","guid":{"rendered":"https:\/\/soswmyslenice.edu.pl\/new\/?page_id=2125"},"modified":"2025-09-29T10:13:37","modified_gmt":"2025-09-29T08:13:37","slug":"raport-o-stanie-zapewnienia-dostepnosci-osobom-ze-szczegolnymi-potrzebami","status":"publish","type":"page","link":"https:\/\/soswmyslenice.edu.pl\/new\/index.php\/raport-o-stanie-zapewnienia-dostepnosci-osobom-ze-szczegolnymi-potrzebami\/","title":{"rendered":"Raport o stanie zapewnienia dost\u0119pno\u015bci osobom ze szczeg\u00f3lnymi potrzebami"},"content":{"rendered":"\n<hr class=\"wp-block-separator is-style-wide\"\/>\n\n\n\n<p>Raport o stanie zapewnienia dost\u0119pno\u015bci osobom ze szczeg\u00f3lnymi potrzebami &#8211; rok 2025<\/p>\n\n\n\n<div class=\"wp-block-file\"><a id=\"wp-block-file--media-ef6b975a-0ff8-47af-bb47-f2670dade496\" href=\"https:\/\/soswmyslenice.edu.pl\/new\/index.php\/raport-o-stanie-zapewnienia-dostepnosci-osobom-ze-szczegolnymi-potrzebami\/raport-o-dostepnosci-sosw\/\" target=\"_blank\" rel=\"noreferrer noopener\">Raport o stanie zapewnienia dost\u0119pno\u015bci_2025__SOSW_My\u015blenice<\/a><a href=\"https:\/\/soswmyslenice.edu.pl\/new\/wp-content\/uploads\/2025\/03\/Raport-o-dostepnosci-SOSW.pdf\" class=\"wp-block-file__button\" download aria-describedby=\"wp-block-file--media-ef6b975a-0ff8-47af-bb47-f2670dade496\">Pobierz<\/a><\/div>\n\n\n\n<div class=\"wp-block-columns is-layout-flex wp-container-core-columns-is-layout-9d6595d7 wp-block-columns-is-layout-flex\">\n<div class=\"wp-block-column is-layout-flow wp-block-column-is-layout-flow\" style=\"flex-basis:100%\">\n<div class=\"wp-block-group\"><div class=\"wp-block-group__inner-container is-layout-flow wp-block-group-is-layout-flow\">\n<div class=\"wp-block-file\"><a id=\"wp-block-file--media-9def82ff-d6f2-450e-9d05-5a337ba03c6b\" href=\"https:\/\/soswmyslenice.edu.pl\/new\/wp-content\/uploads\/2025\/09\/Raport-o-dostepnosci-SSPdP.pdf\">Raport o stanie zapewnienia dost\u0119pno\u015bci_2025_Szko\u0142a_Przysposabiaj\u0105ca_do_Pracy_SOSW_My\u015blenice<\/a><a href=\"https:\/\/soswmyslenice.edu.pl\/new\/wp-content\/uploads\/2025\/09\/Raport-o-dostepnosci-SSPdP.pdf\" class=\"wp-block-file__button\" download aria-describedby=\"wp-block-file--media-9def82ff-d6f2-450e-9d05-5a337ba03c6b\">Pobierz<\/a><\/div>\n<\/div><\/div>\n<\/div>\n<\/div>\n\n\n\n<div class=\"wp-block-file\"><a id=\"wp-block-file--media-b3ab90e3-40a1-4002-a1f0-84345f705b4c\" href=\"https:\/\/soswmyslenice.edu.pl\/new\/wp-content\/uploads\/2025\/09\/Raport-o-dostepnosci-SP.pdf\">Raport o stanie zapewnienia dost\u0119pno\u015bci_2025_Szko\u0142a_Podstawowa_SOSW_My\u015blenice<\/a><a href=\"https:\/\/soswmyslenice.edu.pl\/new\/wp-content\/uploads\/2025\/09\/Raport-o-dostepnosci-SP.pdf\" class=\"wp-block-file__button\" download aria-describedby=\"wp-block-file--media-b3ab90e3-40a1-4002-a1f0-84345f705b4c\">Pobierz<\/a><\/div>\n\n\n\n<div class=\"wp-block-file\"><a id=\"wp-block-file--media-0a596962-1dc8-4830-8fd6-9f1fb906a0cf\" href=\"https:\/\/soswmyslenice.edu.pl\/new\/wp-content\/uploads\/2025\/09\/Raport-o-dostepnosci-SB-I-st..pdf\">Raport o stanie zapewnienia dost\u0119pno\u015bci_2025_Szko\u0142a_Bran\u017cowa_I_stopnia_SOSW_My\u015blenice<\/a><a href=\"https:\/\/soswmyslenice.edu.pl\/new\/wp-content\/uploads\/2025\/09\/Raport-o-dostepnosci-SB-I-st..pdf\" class=\"wp-block-file__button\" download aria-describedby=\"wp-block-file--media-0a596962-1dc8-4830-8fd6-9f1fb906a0cf\">Pobierz<\/a><\/div>\n\n\n\n<hr class=\"wp-block-separator is-style-wide\"\/>\n\n\n\n<h3 class=\"wp-block-heading\">Raport o stanie zapewnienia dost\u0119pno\u015bci osobom ze szczeg\u00f3lnymi potrzebami &#8211; rok 2021<\/h3>\n\n\n\n<div class=\"wp-block-file\"><a id=\"wp-block-file--media-a0e6e551-077e-4724-bc34-7ed44ce0b43a\" href=\"https:\/\/soswmyslenice.edu.pl\/new\/wp-content\/uploads\/2021\/03\/Raport-o-stanie-zapewnienia-dostepnosci_2021_Szkola_Przysposabiajaca_do_Pracy_SOSW_Myslenice.pdf\">Raport o stanie zapewnienia dost\u0119pno\u015bci_2021_Szko\u0142a_Przysposabiaj\u0105ca_do_Pracy_SOSW_My\u015blenice<\/a><a href=\"https:\/\/soswmyslenice.edu.pl\/new\/wp-content\/uploads\/2021\/03\/Raport-o-stanie-zapewnienia-dostepnosci_2021_Szkola_Przysposabiajaca_do_Pracy_SOSW_Myslenice.pdf\" class=\"wp-block-file__button\" download aria-describedby=\"wp-block-file--media-a0e6e551-077e-4724-bc34-7ed44ce0b43a\">Pobierz<\/a><\/div>\n\n\n\n<div class=\"wp-block-file\"><a id=\"wp-block-file--media-c965638f-cb5c-4e2c-af47-4fecea091c09\" href=\"https:\/\/soswmyslenice.edu.pl\/new\/wp-content\/uploads\/2021\/03\/Raport-o-stanie-zapewnienia-dostepnosci_2021_Szkola_Podstawowa_SOSW_Myslenice.pdf\">Raport o stanie zapewnienia dost\u0119pno\u015bci_2021_Szko\u0142a_Podstawowa_SOSW_My\u015blenice<\/a><a href=\"https:\/\/soswmyslenice.edu.pl\/new\/wp-content\/uploads\/2021\/03\/Raport-o-stanie-zapewnienia-dostepnosci_2021_Szkola_Podstawowa_SOSW_Myslenice.pdf\" class=\"wp-block-file__button\" download aria-describedby=\"wp-block-file--media-c965638f-cb5c-4e2c-af47-4fecea091c09\">Pobierz<\/a><\/div>\n\n\n\n<div class=\"wp-block-file\"><a id=\"wp-block-file--media-9841782d-03c1-4277-b627-a06974eb9d4c\" href=\"https:\/\/soswmyslenice.edu.pl\/new\/wp-content\/uploads\/2021\/03\/Raport-o-stanie-zapewnienia-dostepnosci_2021_Szkola_Branzowa_I_stopnia_SOSW_Myslenice.pdf\">Raport o stanie zapewnienia dost\u0119pno\u015bci_2021_Szko\u0142a_Bran\u017cowa_I_stopnia_SOSW_My\u015blenice<\/a><a href=\"https:\/\/soswmyslenice.edu.pl\/new\/wp-content\/uploads\/2021\/03\/Raport-o-stanie-zapewnienia-dostepnosci_2021_Szkola_Branzowa_I_stopnia_SOSW_Myslenice.pdf\" class=\"wp-block-file__button\" download aria-describedby=\"wp-block-file--media-9841782d-03c1-4277-b627-a06974eb9d4c\">Pobierz<\/a><\/div>\n\n\n\n<div class=\"wp-block-file\"><a id=\"wp-block-file--media-6e7d699a-8947-41b5-9565-3d24af9d8eb6\" href=\"https:\/\/soswmyslenice.edu.pl\/new\/wp-content\/uploads\/2021\/03\/Raport-o-stanie-zapewnienia-dostepnosci_2021__SOSW_Myslenice.pdf\">Raport o stanie zapewnienia dost\u0119pno\u015bci_2021__SOSW_My\u015blenice<\/a><a href=\"https:\/\/soswmyslenice.edu.pl\/new\/wp-content\/uploads\/2021\/03\/Raport-o-stanie-zapewnienia-dostepnosci_2021__SOSW_Myslenice.pdf\" class=\"wp-block-file__button\" download aria-describedby=\"wp-block-file--media-6e7d699a-8947-41b5-9565-3d24af9d8eb6\">Pobierz<\/a><\/div>\n\n\n\n<hr class=\"wp-block-separator is-style-wide\"\/>\n\n\n\n<h2 class=\"wp-block-heading\">Plan na rzecz poprawy dost\u0119pno\u015bci osobom ze szczeg\u00f3lnymi potrzebami na lata 2021-2024 w SOSW w My\u015blenicach <\/h2>\n\n\n\n<div class=\"wp-block-file\"><a id=\"wp-block-file--media-4b96414e-4cfe-4298-9486-4b25892d0c35\" href=\"https:\/\/soswmyslenice.edu.pl\/new\/wp-content\/uploads\/2021\/07\/Plan-na-rzecz-poprawy-dostepnosci-w-SOSW-2021-2024.docx\">Plan na rzecz poprawy dost\u0119pno\u015bci osobom ze szczeg\u00f3lnymi potrzebami w SOSW w My\u015blenicach na lata 2021-2024<\/a><a href=\"https:\/\/soswmyslenice.edu.pl\/new\/wp-content\/uploads\/2021\/07\/Plan-na-rzecz-poprawy-dostepnosci-w-SOSW-2021-2024.docx\" class=\"wp-block-file__button\" download aria-describedby=\"wp-block-file--media-4b96414e-4cfe-4298-9486-4b25892d0c35\">Pobierz<\/a><\/div>\n\n\n\n<div class=\"wp-block-file\"><a id=\"wp-block-file--media-0368533a-13c0-4d6b-8e00-3a064cf23e8a\" href=\"https:\/\/soswmyslenice.edu.pl\/new\/wp-content\/uploads\/2025\/09\/Plan-na-rzecz-poprawy-dostepnosci-w-SOSW-2025-2027.docx\">Plan na rzecz poprawy dost\u0119pno\u015bci osobom ze szczeg\u00f3lnymi potrzebami w SOSW w My\u015blenicach na lata 2025-2027<\/a><a href=\"https:\/\/soswmyslenice.edu.pl\/new\/wp-content\/uploads\/2025\/09\/Plan-na-rzecz-poprawy-dostepnosci-w-SOSW-2025-2027.docx\" class=\"wp-block-file__button\" download aria-describedby=\"wp-block-file--media-0368533a-13c0-4d6b-8e00-3a064cf23e8a\">Pobierz<\/a><\/div>\n","protected":false},"excerpt":{"rendered":"<p>Raport o stanie zapewnienia dost\u0119pno\u015bci osobom ze szczeg\u00f3lnymi potrzebami &#8211; rok 2025 Raport o stanie zapewnienia dost\u0119pno\u015bci osobom ze szczeg\u00f3lnymi potrzebami &#8211; rok 2021 Plan&hellip;<\/p>\n","protected":false},"author":3,"featured_media":0,"parent":0,"menu_order":0,"comment_status":"closed","ping_status":"closed","template":"","meta":{"footnotes":""},"class_list":["post-2125","page","type-page","status-publish","hentry"],"_links":{"self":[{"href":"https:\/\/soswmyslenice.edu.pl\/new\/index.php\/wp-json\/wp\/v2\/pages\/2125","targetHints":{"allow":["GET"]}}],"collection":[{"href":"https:\/\/soswmyslenice.edu.pl\/new\/index.php\/wp-json\/wp\/v2\/pages"}],"about":[{"href":"https:\/\/soswmyslenice.edu.pl\/new\/index.php\/wp-json\/wp\/v2\/types\/page"}],"author":[{"embeddable":true,"href":"https:\/\/soswmyslenice.edu.pl\/new\/index.php\/wp-json\/wp\/v2\/users\/3"}],"replies":[{"embeddable":true,"href":"https:\/\/soswmyslenice.edu.pl\/new\/index.php\/wp-json\/wp\/v2\/comments?post=2125"}],"version-history":[{"count":10,"href":"https:\/\/soswmyslenice.edu.pl\/new\/index.php\/wp-json\/wp\/v2\/pages\/2125\/revisions"}],"predecessor-version":[{"id":4656,"href":"https:\/\/soswmyslenice.edu.pl\/new\/index.php\/wp-json\/wp\/v2\/pages\/2125\/revisions\/4656"}],"wp:attachment":[{"href":"https:\/\/soswmyslenice.edu.pl\/new\/index.php\/wp-json\/wp\/v2\/media?parent=2125"}],"curies":[{"name":"wp","href":"https:\/\/api.w.org\/{rel}","templated":true}]}}