{"id":2337,"date":"2022-05-18T09:56:12","date_gmt":"2022-05-18T07:56:12","guid":{"rendered":"https:\/\/soswmyslenice.edu.pl\/new\/?page_id=2337"},"modified":"2022-05-18T10:07:42","modified_gmt":"2022-05-18T08:07:42","slug":"realizacja-projektu-modernizacja-energetyczna-wojewodzkich-budynkow-uzytecznosci-publicznej","status":"publish","type":"page","link":"https:\/\/soswmyslenice.edu.pl\/new\/index.php\/realizacja-projektu-modernizacja-energetyczna-wojewodzkich-budynkow-uzytecznosci-publicznej\/","title":{"rendered":"Realizacja projektu \u201eModernizacja energetyczna wojew\u00f3dzkich budynk\u00f3w u\u017cyteczno\u015bci publicznej\u201d."},"content":{"rendered":"\n<div class=\"wp-block-columns is-layout-flex wp-container-core-columns-is-layout-9d6595d7 wp-block-columns-is-layout-flex\">\n<div class=\"wp-block-column is-layout-flow wp-block-column-is-layout-flow\"><\/div>\n<\/div>\n\n\n\n<div class=\"wp-block-columns is-layout-flex wp-container-core-columns-is-layout-9d6595d7 wp-block-columns-is-layout-flex\">\n<div class=\"wp-block-column is-layout-flow wp-block-column-is-layout-flow\" style=\"flex-basis:100%\">\n<figure class=\"wp-block-gallery has-nested-images columns-default is-cropped wp-block-gallery-1 is-layout-flex wp-block-gallery-is-layout-flex\">\n<figure class=\"wp-block-image size-large\"><img loading=\"lazy\" decoding=\"async\" width=\"1024\" height=\"62\" data-id=\"2338\" src=\"https:\/\/soswmyslenice.edu.pl\/new\/wp-content\/uploads\/2022\/05\/loga-1024x62.jpg\" alt=\"flaga funduszy europejskich, flaga polski, logo wojew\u00f3dztwa ma\u0142opolskiego, flaga UE\" class=\"wp-image-2338\" srcset=\"https:\/\/soswmyslenice.edu.pl\/new\/wp-content\/uploads\/2022\/05\/loga-1024x62.jpg 1024w, https:\/\/soswmyslenice.edu.pl\/new\/wp-content\/uploads\/2022\/05\/loga-300x18.jpg 300w, https:\/\/soswmyslenice.edu.pl\/new\/wp-content\/uploads\/2022\/05\/loga-768x46.jpg 768w, https:\/\/soswmyslenice.edu.pl\/new\/wp-content\/uploads\/2022\/05\/loga-1536x93.jpg 1536w, https:\/\/soswmyslenice.edu.pl\/new\/wp-content\/uploads\/2022\/05\/loga-2048x124.jpg 2048w\" sizes=\"auto, (max-width: 1024px) 100vw, 1024px\" \/><\/figure>\n<\/figure>\n<\/div>\n<\/div>\n\n\n\n<p>Specjalny O\u015brodek Szkolno \u2013 Wychowawczy (SOSW) w My\u015blenicach w grudniu 2019 r. zako\u0144czy\u0142 prace w ramach projektu<strong> \u201eModernizacja energetyczna wojew\u00f3dzkich budynk\u00f3w u\u017cyteczno\u015bci publicznej\u201d<\/strong>, realizowanego w ramach Regionalnego Programu Operacyjnego Wojew\u00f3dztwa Ma\u0142opolskiego na lata 2014-2020, 4 O\u015b priorytetowa \u2013 Regionalna Polityka Energetyczna, Dzia\u0142anie 4.3 \u2013 Poprawa efektywno\u015bci energetycznej w sektorze publicznym i mieszkaniowym, Poddzia\u0142anie 4.3.3 \u2013 G\u0142\u0119boka modernizacja<br>energetyczna budynk\u00f3w u\u017cyteczno\u015bci publicznej \u2013 inwestycje regionalne.<\/p>\n\n\n\n<p>Warto\u015b\u0107 inwestycji w Specjalnym O\u015brodku Szkolno \u2013 Wychowawczym w My\u015blenicach to ponad 2 mln z\u0142, <br>z czego dofinansowanie z UE to ponad 1,5 mln z\u0142. <\/p>\n\n\n\n<p>Budynek szko\u0142y, sali gimnastycznej, internatu oraz piwnicy zosta\u0142 docieplony. Wymieniono okna oraz drzwi. Przeprowadzono kompleksow\u0105 modernizacj\u0119 instalacji centralnego ogrzewania, wymieniono wewn\u0119trzn\u0105 instalacje ciep\u0142ej wody u\u017cytkowej wraz ze \u017ar\u00f3d\u0142em ciep\u0142a. Zastosowano system fotowoltaiczny wraz z automatyk\u0105 i licznikiem pozyskanej energii. Ca\u0142e o\u015bwietlenie zast\u0105piono energooszcz\u0119dnym. Na elewacji zosta\u0142y zamontowane budki l\u0119gowe dla ptak\u00f3w i nietoperzy.<\/p>\n\n\n\n<p>Podj\u0119te w ramach inwestycji dzia\u0142ania modernizacyjne zmniejszaj\u0105 zapotrzebowanie na energi\u0119 grzewcz\u0105 budynku, przyczyniaj\u0105 si\u0119 do obni\u017cenia koszt\u00f3w zu\u017cycia energii cieplnej oraz energii elektrycznej do przygotowania ciep\u0142ej wody u\u017cytkowej oraz o\u015bwietlenia. Zako\u0144czone prace zmniejszy\u0142y emisj\u0119 szkodliwych substancji i ograniczy\u0142y ich negatywny wp\u0142yw na \u015brodowisko, ale tak\u017ce podwy\u017cszy\u0142y standard u\u017cytkowy budynku.<\/p>\n\n\n\n<p>Te prace nie by\u0142yby mo\u017cliwe gdyby nie \u015brodki unijne pozyskane w ramach Regionalnego Programu Operacyjnego Wojew\u00f3dztwa Ma\u0142opolskiego na lata 2014-2020. <\/p>\n\n\n\n<p>Szczeg\u00f3\u0142owy opis inwestycji mo\u017cna pobra\u0107 poni\u017cej:<\/p>\n\n\n\n<div class=\"wp-block-file\"><a id=\"wp-block-file--media-162a5568-c591-422a-b56c-8fe4c3ae3949\" href=\"https:\/\/soswmyslenice.edu.pl\/new\/wp-content\/uploads\/2022\/05\/SOSW-Myslenice-Modernizacja-energetyczna-wojewodzkich-budynkow-uzytecznosci-publicznej.pdf\">SOSW My\u015blenice &#8211; Modernizacja energetyczna wojew\u00f3dzkich budynk\u00f3w u\u017cyteczno\u015bci publicznej<\/a><a href=\"https:\/\/soswmyslenice.edu.pl\/new\/wp-content\/uploads\/2022\/05\/SOSW-Myslenice-Modernizacja-energetyczna-wojewodzkich-budynkow-uzytecznosci-publicznej.pdf\" class=\"wp-block-file__button\" download aria-describedby=\"wp-block-file--media-162a5568-c591-422a-b56c-8fe4c3ae3949\">Pobierz<\/a><\/div>\n\n\n\n<p><\/p>\n","protected":false},"excerpt":{"rendered":"<p>Specjalny O\u015brodek Szkolno \u2013 Wychowawczy (SOSW) w My\u015blenicach w grudniu 2019 r. zako\u0144czy\u0142 prace w ramach projektu \u201eModernizacja energetyczna wojew\u00f3dzkich budynk\u00f3w u\u017cyteczno\u015bci publicznej\u201d, realizowanego w&hellip;<\/p>\n","protected":false},"author":3,"featured_media":0,"parent":0,"menu_order":0,"comment_status":"closed","ping_status":"closed","template":"","meta":{"footnotes":""},"class_list":["post-2337","page","type-page","status-publish","hentry"],"_links":{"self":[{"href":"https:\/\/soswmyslenice.edu.pl\/new\/index.php\/wp-json\/wp\/v2\/pages\/2337","targetHints":{"allow":["GET"]}}],"collection":[{"href":"https:\/\/soswmyslenice.edu.pl\/new\/index.php\/wp-json\/wp\/v2\/pages"}],"about":[{"href":"https:\/\/soswmyslenice.edu.pl\/new\/index.php\/wp-json\/wp\/v2\/types\/page"}],"author":[{"embeddable":true,"href":"https:\/\/soswmyslenice.edu.pl\/new\/index.php\/wp-json\/wp\/v2\/users\/3"}],"replies":[{"embeddable":true,"href":"https:\/\/soswmyslenice.edu.pl\/new\/index.php\/wp-json\/wp\/v2\/comments?post=2337"}],"version-history":[{"count":4,"href":"https:\/\/soswmyslenice.edu.pl\/new\/index.php\/wp-json\/wp\/v2\/pages\/2337\/revisions"}],"predecessor-version":[{"id":2346,"href":"https:\/\/soswmyslenice.edu.pl\/new\/index.php\/wp-json\/wp\/v2\/pages\/2337\/revisions\/2346"}],"wp:attachment":[{"href":"https:\/\/soswmyslenice.edu.pl\/new\/index.php\/wp-json\/wp\/v2\/media?parent=2337"}],"curies":[{"name":"wp","href":"https:\/\/api.w.org\/{rel}","templated":true}]}}