{"id":2383,"date":"2022-09-04T12:36:49","date_gmt":"2022-09-04T10:36:49","guid":{"rendered":"https:\/\/soswmyslenice.edu.pl\/new\/?page_id=2383"},"modified":"2022-09-10T14:52:47","modified_gmt":"2022-09-10T12:52:47","slug":"rok-szkolny-2021-2022-2","status":"publish","type":"page","link":"https:\/\/soswmyslenice.edu.pl\/new\/index.php\/rok-szkolny-2021-2022-2\/","title":{"rendered":"Rok szkolny 2022\/2023"},"content":{"rendered":"\n<hr class=\"wp-block-separator is-style-wide\"\/>\n\n\n\n<h2 class=\"wp-block-heading\">Laboratorium Przysz\u0142o\u015bci w naszej szkole.<\/h2>\n\n\n\n<p>Laboratoria Przysz\u0142o\u015bci to nowoczesny sprz\u0119t, kt\u00f3ry uatrakcyjnia zaj\u0119cia szkolne i pozwala naszym uczniom rozwija\u0107 swoje zainteresowania nie tylko w\u202framach obowi\u0105zkowych zaj\u0119\u0107 edukacyjnych, lecz tak\u017ce w ramach zaj\u0119\u0107 innych zaj\u0119\u0107 rozwijaj\u0105cych umiej\u0119tno\u015bci oraz uatrakcyjni sp\u0119dzanie czasu wolnego wychowankom naszego internatu.<\/p>\n\n\n\n<p>Zgodnie z regulaminem projektu szko\u0142a zakupi\u0142a wyposa\u017cenie podstawowe, w sk\u0142ad kt\u00f3rego wchodzi m.in.: drukarka 3D z akcesoriami, sprz\u0119t do nagra\u0144, stacja lutownicza oraz mikrokontroler.<\/p>\n\n\n\n<p>Dodatkowo szko\u0142a zakupi\u0142a sprz\u0119t, kt\u00f3ry odpowiada potrzebom naszych uczni\u00f3w i b\u0119dzie wykorzystywany w realizacji podstawy programowej, na innych zaj\u0119ciach s\u0105 to m.in.: roboty edukacyjne wraz z akcesoriami, mikroskop, wizualizer, zestawy konstrukcyjne STEAM, pomoce projektowe STEAM.<\/p>\n\n\n\n<div class=\"wp-block-columns is-layout-flex wp-container-core-columns-is-layout-9d6595d7 wp-block-columns-is-layout-flex\">\n<div class=\"wp-block-column is-layout-flow wp-block-column-is-layout-flow\">\n<figure class=\"wp-block-image size-large\"><img loading=\"lazy\" decoding=\"async\" width=\"1024\" height=\"473\" src=\"https:\/\/soswmyslenice.edu.pl\/new\/wp-content\/uploads\/2022\/09\/301932953_813800426303215_8558151064474155007_n-1024x473.jpg\" alt=\"Na drewnianych \u0142awkach le\u017c\u0105 kolorowe pude\u0142ka. Pierwsze pude\u0142ko po lewej w kolorze czerwonym, nast\u0119pne niebieskie. Dalej kilka mniejszych pude\u0142ek. Na wprost czarna drukarka 3 D. Obok niej czerwony filament. Z prawej strony laptop oraz mikroskop. \" class=\"wp-image-2399\" srcset=\"https:\/\/soswmyslenice.edu.pl\/new\/wp-content\/uploads\/2022\/09\/301932953_813800426303215_8558151064474155007_n-1024x473.jpg 1024w, https:\/\/soswmyslenice.edu.pl\/new\/wp-content\/uploads\/2022\/09\/301932953_813800426303215_8558151064474155007_n-300x139.jpg 300w, https:\/\/soswmyslenice.edu.pl\/new\/wp-content\/uploads\/2022\/09\/301932953_813800426303215_8558151064474155007_n-768x355.jpg 768w, https:\/\/soswmyslenice.edu.pl\/new\/wp-content\/uploads\/2022\/09\/301932953_813800426303215_8558151064474155007_n-1536x709.jpg 1536w, https:\/\/soswmyslenice.edu.pl\/new\/wp-content\/uploads\/2022\/09\/301932953_813800426303215_8558151064474155007_n-2048x946.jpg 2048w\" sizes=\"auto, (max-width: 1024px) 100vw, 1024px\" \/><\/figure>\n\n\n\n<figure class=\"wp-block-image size-large is-resized\"><img loading=\"lazy\" decoding=\"async\" src=\"https:\/\/soswmyslenice.edu.pl\/new\/wp-content\/uploads\/2022\/09\/302310888_795753191696721_3857637694453911473_n-1024x473.jpg\" alt=\"Na drewnianych \u0142awkach le\u017c\u0105 obok siebie pude\u0142ka w r\u00f3\u017cnych kolorach.  Od lewej bia\u0142e pude\u0142ko, nast\u0119pnie dwa czarne. Na \u015brodku kilka pude\u0142ek r\u00f3\u017cnokolorowych.  Po prawej stronie lez\u0105 4 pude\u0142ka niebieskie. Przed nimi stoj\u0105 2 roboty. \" class=\"wp-image-2402\" width=\"405\" height=\"187\" srcset=\"https:\/\/soswmyslenice.edu.pl\/new\/wp-content\/uploads\/2022\/09\/302310888_795753191696721_3857637694453911473_n-1024x473.jpg 1024w, https:\/\/soswmyslenice.edu.pl\/new\/wp-content\/uploads\/2022\/09\/302310888_795753191696721_3857637694453911473_n-300x139.jpg 300w, https:\/\/soswmyslenice.edu.pl\/new\/wp-content\/uploads\/2022\/09\/302310888_795753191696721_3857637694453911473_n-768x355.jpg 768w, https:\/\/soswmyslenice.edu.pl\/new\/wp-content\/uploads\/2022\/09\/302310888_795753191696721_3857637694453911473_n-1536x709.jpg 1536w, https:\/\/soswmyslenice.edu.pl\/new\/wp-content\/uploads\/2022\/09\/302310888_795753191696721_3857637694453911473_n-2048x946.jpg 2048w\" sizes=\"auto, (max-width: 405px) 100vw, 405px\" \/><\/figure>\n<\/div>\n\n\n\n<div class=\"wp-block-column is-layout-flow wp-block-column-is-layout-flow\">\n<figure class=\"wp-block-image size-large\"><img loading=\"lazy\" decoding=\"async\" width=\"1024\" height=\"473\" src=\"https:\/\/soswmyslenice.edu.pl\/new\/wp-content\/uploads\/2022\/09\/302126763_571686044733761_2357553721097681714_n-1024x473.jpg\" alt=\"Na pierwszym planie drukarka 3 D w kolorze czarnym. Po lewej stronie kilka pude\u0142ek w kolorze granatowym i niebieskim. Z przodu jedno bia\u0142e pude\u0142ko. Po prawej stronie laptop, wizualizer oraz bia\u0142y mikroskop. Obok czarny statyw fotograficzny.\" class=\"wp-image-2400\" srcset=\"https:\/\/soswmyslenice.edu.pl\/new\/wp-content\/uploads\/2022\/09\/302126763_571686044733761_2357553721097681714_n-1024x473.jpg 1024w, https:\/\/soswmyslenice.edu.pl\/new\/wp-content\/uploads\/2022\/09\/302126763_571686044733761_2357553721097681714_n-300x139.jpg 300w, https:\/\/soswmyslenice.edu.pl\/new\/wp-content\/uploads\/2022\/09\/302126763_571686044733761_2357553721097681714_n-768x355.jpg 768w, https:\/\/soswmyslenice.edu.pl\/new\/wp-content\/uploads\/2022\/09\/302126763_571686044733761_2357553721097681714_n-1536x709.jpg 1536w, https:\/\/soswmyslenice.edu.pl\/new\/wp-content\/uploads\/2022\/09\/302126763_571686044733761_2357553721097681714_n-2048x946.jpg 2048w\" sizes=\"auto, (max-width: 1024px) 100vw, 1024px\" \/><\/figure>\n\n\n\n<figure class=\"wp-block-image size-large\"><img loading=\"lazy\" decoding=\"async\" width=\"1024\" height=\"473\" src=\"https:\/\/soswmyslenice.edu.pl\/new\/wp-content\/uploads\/2022\/09\/302044888_638572120863555_2142643873038221046_n-1024x473.jpg\" alt=\"Na \u0142awkach le\u017c\u0105 obok siebie kolorowe pude\u0142ka. Po lewej stronie du\u017ce bia\u0142e pude\u0142ko z  \u017car\u00f3wk\u0105. W \u015brodku  2  pude\u0142ka: w kolorze bia\u0142y oraz szarym. Dalej kilka pude\u0142ek w kolorze niebieskim. Przed pude\u0142kami 2 roboty. \" class=\"wp-image-2401\" srcset=\"https:\/\/soswmyslenice.edu.pl\/new\/wp-content\/uploads\/2022\/09\/302044888_638572120863555_2142643873038221046_n-1024x473.jpg 1024w, https:\/\/soswmyslenice.edu.pl\/new\/wp-content\/uploads\/2022\/09\/302044888_638572120863555_2142643873038221046_n-300x139.jpg 300w, https:\/\/soswmyslenice.edu.pl\/new\/wp-content\/uploads\/2022\/09\/302044888_638572120863555_2142643873038221046_n-768x355.jpg 768w, https:\/\/soswmyslenice.edu.pl\/new\/wp-content\/uploads\/2022\/09\/302044888_638572120863555_2142643873038221046_n-1536x709.jpg 1536w, https:\/\/soswmyslenice.edu.pl\/new\/wp-content\/uploads\/2022\/09\/302044888_638572120863555_2142643873038221046_n-2048x946.jpg 2048w\" sizes=\"auto, (max-width: 1024px) 100vw, 1024px\" \/><\/figure>\n<\/div>\n<\/div>\n\n\n\n<hr class=\"wp-block-separator is-style-wide\"\/>\n\n\n\n<h2 class=\"wp-block-heading\">Uroczyste rozpocz\u0119cie roku szkolnego 2022\/2023<\/h2>\n\n\n\n<p>Witaj szko\u0142o!1 wrze\u015bnia 2022 r. odby\u0142o si\u0119 uroczyste rozpocz\u0119cie roku szkolnego 2022\/2023. Uczniowie z rado\u015bci\u0105 witali si\u0119 po wakacjach, najm\u0142odszym z dum\u0105 towarzyszyli rodzice. Przed nami kolejny rok szkolny wype\u0142niony nauk\u0105, zabaw\u0105, spotkaniami z kolegami i nauczycielami. Rok pe\u0142en nowych wyzwa\u0144 i wra\u017ce\u0144. Podczas uroczysto\u015bci powitano now\u0105 Dyrektor Specjalnego O\u015brodka Szkolno &#8211; Wychowawczego w My\u015blenicach \u2013 Pani\u0105 Agnieszk\u0119 Rozkrut. <\/p>\n\n\n\n<p>Nominacj\u0119 na stanowisko Dyrektora, Pani Agnieszka Rozkrut otrzyma\u0142a z r\u0105k marsza\u0142ka Wojew\u00f3dztwa Ma\u0142opolskiego Pana Witolda Koz\u0142owskiego oraz Pani Marty Malec-Lech z zarz\u0105du wojew\u00f3dztwa ma\u0142opolskiego w dniu 10 sierpnia 2022 r. Serdecznie gratulujemy!<\/p>\n\n\n\n<div class=\"wp-block-columns is-layout-flex wp-container-core-columns-is-layout-9d6595d7 wp-block-columns-is-layout-flex\">\n<div class=\"wp-block-column is-layout-flow wp-block-column-is-layout-flow\">\n<figure class=\"wp-block-image size-large\"><img loading=\"lazy\" decoding=\"async\" width=\"1024\" height=\"473\" src=\"https:\/\/soswmyslenice.edu.pl\/new\/wp-content\/uploads\/2022\/09\/304988520_6087553081275321_5056224521171975695_n-1024x473.jpg\" alt=\"na sali gimnastycznej. na \u015brodku elegancko ubrana kobieta w szarej sukience stoi i przemawia do mikrofonu. Po lewej bia\u0142o - czerwone flagi za kobiet\u0105 napis witaj szko\u0142o. \" class=\"wp-image-2393\" srcset=\"https:\/\/soswmyslenice.edu.pl\/new\/wp-content\/uploads\/2022\/09\/304988520_6087553081275321_5056224521171975695_n-1024x473.jpg 1024w, https:\/\/soswmyslenice.edu.pl\/new\/wp-content\/uploads\/2022\/09\/304988520_6087553081275321_5056224521171975695_n-300x139.jpg 300w, https:\/\/soswmyslenice.edu.pl\/new\/wp-content\/uploads\/2022\/09\/304988520_6087553081275321_5056224521171975695_n-768x355.jpg 768w, https:\/\/soswmyslenice.edu.pl\/new\/wp-content\/uploads\/2022\/09\/304988520_6087553081275321_5056224521171975695_n-1536x709.jpg 1536w, https:\/\/soswmyslenice.edu.pl\/new\/wp-content\/uploads\/2022\/09\/304988520_6087553081275321_5056224521171975695_n-2048x946.jpg 2048w\" sizes=\"auto, (max-width: 1024px) 100vw, 1024px\" \/><\/figure>\n<\/div>\n\n\n\n<div class=\"wp-block-column is-layout-flow wp-block-column-is-layout-flow\">\n<figure class=\"wp-block-image size-large\"><img loading=\"lazy\" decoding=\"async\" width=\"1024\" height=\"472\" src=\"https:\/\/soswmyslenice.edu.pl\/new\/wp-content\/uploads\/2022\/09\/305012495_6087552937942002_8135806890327526466_n-1024x472.jpg\" alt=\"na sali gimnastycznej na tle napisu witaj szko\u0142o po lewej kobieta w eleganckiej szarej sukience po prawej na przeciwko 2 kobiety i m\u0119\u017cczyzna w garniturze trzymaj\u0105 pi\u0119kne kwiaty. \" class=\"wp-image-2394\" srcset=\"https:\/\/soswmyslenice.edu.pl\/new\/wp-content\/uploads\/2022\/09\/305012495_6087552937942002_8135806890327526466_n-1024x472.jpg 1024w, https:\/\/soswmyslenice.edu.pl\/new\/wp-content\/uploads\/2022\/09\/305012495_6087552937942002_8135806890327526466_n-300x138.jpg 300w, https:\/\/soswmyslenice.edu.pl\/new\/wp-content\/uploads\/2022\/09\/305012495_6087552937942002_8135806890327526466_n-768x354.jpg 768w, https:\/\/soswmyslenice.edu.pl\/new\/wp-content\/uploads\/2022\/09\/305012495_6087552937942002_8135806890327526466_n-1536x707.jpg 1536w, https:\/\/soswmyslenice.edu.pl\/new\/wp-content\/uploads\/2022\/09\/305012495_6087552937942002_8135806890327526466_n.jpg 1824w\" sizes=\"auto, (max-width: 1024px) 100vw, 1024px\" \/><\/figure>\n<\/div>\n<\/div>\n\n\n\n<div class=\"wp-block-image\"><figure class=\"aligncenter size-full is-resized\"><img loading=\"lazy\" decoding=\"async\" src=\"https:\/\/soswmyslenice.edu.pl\/new\/wp-content\/uploads\/2022\/09\/304898260_6087553087941987_2740682220648237828_n.jpg\" alt=\"\" class=\"wp-image-2392\" width=\"795\" height=\"529\" srcset=\"https:\/\/soswmyslenice.edu.pl\/new\/wp-content\/uploads\/2022\/09\/304898260_6087553087941987_2740682220648237828_n.jpg 790w, https:\/\/soswmyslenice.edu.pl\/new\/wp-content\/uploads\/2022\/09\/304898260_6087553087941987_2740682220648237828_n-300x200.jpg 300w, https:\/\/soswmyslenice.edu.pl\/new\/wp-content\/uploads\/2022\/09\/304898260_6087553087941987_2740682220648237828_n-768x511.jpg 768w\" sizes=\"auto, (max-width: 795px) 100vw, 795px\" \/><figcaption>Uroczyste wr\u0119czenie aktu powierzenia stanowiska dyrektora w Urz\u0119dzie Marsza\u0142kowskim Wojew\u00f3dztwa Ma\u0142opolskiego &#8211; 10 sierpnia 2022 r.<br>Na zdj\u0119ciu Marsza\u0142ek Wojew\u00f3dztwa Ma\u0142opolskiego Pan Witold Koz\u0142owski, Pani Marta Malec-Lech z&nbsp;zarz\u0105du wojew\u00f3dztwa oraz <br>Pani Agnieszka Rozkrut Dyrektor Specjalnego O\u015brodka Szkolno &#8211; Wychowawczego w My\u015blenicach. <br>\/fotografia pochodzi ze strony ma\u0142opolska.pl\/ <\/figcaption><\/figure><\/div>\n\n\n\n<hr class=\"wp-block-separator is-style-wide\"\/>\n\n\n\n<h2 class=\"wp-block-heading\">30 000 z\u0142 wsparcia finansowego w ramach programu Laboratoria Przysz\u0142o\u015bci. <\/h2>\n\n\n\n<div class=\"wp-block-columns is-layout-flex wp-container-core-columns-is-layout-9d6595d7 wp-block-columns-is-layout-flex\">\n<div class=\"wp-block-column is-layout-flow wp-block-column-is-layout-flow\">\n<p class=\"has-text-align-center\">Laboratoria Przysz\u0142o\u015bci to inicjatywa edukacyjna realizowana przez Ministerstwo Edukacji i Nauki we wsp\u00f3\u0142pracy z Centrum GovTech w Kancelarii Prezesa Rady Ministr\u00f3w. Wsp\u00f3ln\u0105 misj\u0105 jest stworzenie nowoczesnej szko\u0142y, w kt\u00f3rej zaj\u0119cia b\u0119d\u0105 prowadzone w spos\u00f3b ciekawy, anga\u017cuj\u0105cy uczni\u00f3w oraz sprzyjaj\u0105cy odkrywaniu ich talent\u00f3w i rozwijaniu zainteresowa\u0144. Celem inicjatywy jest wsparcie wszystkich szk\u00f3\u0142 podstawowych w budowaniu w\u015br\u00f3d uczni\u00f3w kompetencji przysz\u0142o\u015bci z tzw. kierunk\u00f3w STEAM (nauka, technologia, in\u017cynieria, sztuka oraz matematyka). &nbsp;<\/p>\n<\/div>\n\n\n\n<div class=\"wp-block-column is-layout-flow wp-block-column-is-layout-flow\">\n<figure class=\"wp-block-image size-full\"><img loading=\"lazy\" decoding=\"async\" width=\"960\" height=\"720\" src=\"https:\/\/soswmyslenice.edu.pl\/new\/wp-content\/uploads\/2022\/09\/czek-na-strone2.jpg\" alt=\"Logo programu. Po lewej stronie okr\u0105g\u0142a niebieska kolba, pochylona lekko w l\u0119w\u0105 stron\u0119. Kolba do po\u0142owy w kolorze niebieskim. W \u015brodku kolby 2 niebieskie gwiazdki. Z prawej strony niebieski napis Laboratoria przysz\u0142o\u015bci na bia\u0142ym tle. na \u015brodku niebieski cyfry 30 000\" class=\"wp-image-2406\" srcset=\"https:\/\/soswmyslenice.edu.pl\/new\/wp-content\/uploads\/2022\/09\/czek-na-strone2.jpg 960w, https:\/\/soswmyslenice.edu.pl\/new\/wp-content\/uploads\/2022\/09\/czek-na-strone2-300x225.jpg 300w, https:\/\/soswmyslenice.edu.pl\/new\/wp-content\/uploads\/2022\/09\/czek-na-strone2-768x576.jpg 768w\" sizes=\"auto, (max-width: 960px) 100vw, 960px\" \/><\/figure>\n<\/div>\n<\/div>\n\n\n\n<p>W ramach tego programu Laboratoria Przysz\u0142o\u015bci otrzymali\u015bmy wsparcie finansowe w wysoko\u015bci <strong>30&nbsp;000 z\u0142<\/strong> na zakup wyposa\u017cenia technicznego niezb\u0119dnego do rozwoju praktycznych umiej\u0119tno\u015bci naszych uczni\u00f3w.<\/p>\n\n\n\n<p>Doposa\u017cenie szko\u0142y w&nbsp;nowy sprz\u0119t i&nbsp;pomoce dydaktyczne pozwoli na uatrakcyjnienie oraz wzbogacenie dotychczasowego procesu nauczania a tak\u017ce umo\u017cliwi wychowankom osi\u0105gni\u0119cie sukces\u00f3w rozwojowych w kreatywny i tw\u00f3rczy spos\u00f3b.<\/p>\n\n\n\n<hr class=\"wp-block-separator is-style-wide\"\/>\n\n\n\n<h2 class=\"wp-block-heading\">Witaj Szko\u0142o! <\/h2>\n\n\n\n<div class=\"wp-block-columns is-layout-flex wp-container-core-columns-is-layout-9d6595d7 wp-block-columns-is-layout-flex\">\n<div class=\"wp-block-column is-layout-flow wp-block-column-is-layout-flow\">\n<p>Serdecznie zapraszamy na rozpocz\u0119cie roku szkolnego 2022\/2023<\/p>\n\n\n\n<p>Czwartek 1 wrze\u015bnia 2022 roku godzina 9:00. <\/p>\n\n\n\n<p> Sala gimnastyczna Specjalnego O\u015brodka Szkolno &#8211; Wychowawczego w My\u015blenicach<\/p>\n<\/div>\n\n\n\n<div class=\"wp-block-column is-layout-flow wp-block-column-is-layout-flow\">\n<figure class=\"wp-block-image size-full\"><img loading=\"lazy\" decoding=\"async\" width=\"843\" height=\"843\" src=\"https:\/\/soswmyslenice.edu.pl\/new\/wp-content\/uploads\/2022\/09\/304173696_6081157888581507_3737286897782381384_n.jpg\" alt=\"Na czarnym tle ch\u0142opiec z megafonem w kraciastej koszuli. Na g\u00f3rze napis Witaj Szko\u0142o!\" class=\"wp-image-2388\" srcset=\"https:\/\/soswmyslenice.edu.pl\/new\/wp-content\/uploads\/2022\/09\/304173696_6081157888581507_3737286897782381384_n.jpg 843w, https:\/\/soswmyslenice.edu.pl\/new\/wp-content\/uploads\/2022\/09\/304173696_6081157888581507_3737286897782381384_n-300x300.jpg 300w, https:\/\/soswmyslenice.edu.pl\/new\/wp-content\/uploads\/2022\/09\/304173696_6081157888581507_3737286897782381384_n-150x150.jpg 150w, https:\/\/soswmyslenice.edu.pl\/new\/wp-content\/uploads\/2022\/09\/304173696_6081157888581507_3737286897782381384_n-768x768.jpg 768w\" sizes=\"auto, (max-width: 843px) 100vw, 843px\" \/><\/figure>\n<\/div>\n<\/div>\n","protected":false},"excerpt":{"rendered":"<p>Laboratorium Przysz\u0142o\u015bci w naszej szkole. Laboratoria Przysz\u0142o\u015bci to nowoczesny sprz\u0119t, kt\u00f3ry uatrakcyjnia zaj\u0119cia szkolne i pozwala naszym uczniom rozwija\u0107 swoje zainteresowania nie tylko w\u202framach obowi\u0105zkowych&hellip;<\/p>\n","protected":false},"author":3,"featured_media":0,"parent":0,"menu_order":0,"comment_status":"closed","ping_status":"closed","template":"","meta":{"footnotes":""},"class_list":["post-2383","page","type-page","status-publish","hentry"],"_links":{"self":[{"href":"https:\/\/soswmyslenice.edu.pl\/new\/index.php\/wp-json\/wp\/v2\/pages\/2383","targetHints":{"allow":["GET"]}}],"collection":[{"href":"https:\/\/soswmyslenice.edu.pl\/new\/index.php\/wp-json\/wp\/v2\/pages"}],"about":[{"href":"https:\/\/soswmyslenice.edu.pl\/new\/index.php\/wp-json\/wp\/v2\/types\/page"}],"author":[{"embeddable":true,"href":"https:\/\/soswmyslenice.edu.pl\/new\/index.php\/wp-json\/wp\/v2\/users\/3"}],"replies":[{"embeddable":true,"href":"https:\/\/soswmyslenice.edu.pl\/new\/index.php\/wp-json\/wp\/v2\/comments?post=2383"}],"version-history":[{"count":9,"href":"https:\/\/soswmyslenice.edu.pl\/new\/index.php\/wp-json\/wp\/v2\/pages\/2383\/revisions"}],"predecessor-version":[{"id":2408,"href":"https:\/\/soswmyslenice.edu.pl\/new\/index.php\/wp-json\/wp\/v2\/pages\/2383\/revisions\/2408"}],"wp:attachment":[{"href":"https:\/\/soswmyslenice.edu.pl\/new\/index.php\/wp-json\/wp\/v2\/media?parent=2383"}],"curies":[{"name":"wp","href":"https:\/\/api.w.org\/{rel}","templated":true}]}}