{"id":24,"date":"2018-11-17T10:41:57","date_gmt":"2018-11-17T09:41:57","guid":{"rendered":"http:\/\/soswmyslenice.edu.pl\/new\/?page_id=24"},"modified":"2025-09-30T20:05:26","modified_gmt":"2025-09-30T18:05:26","slug":"o-nas","status":"publish","type":"page","link":"https:\/\/soswmyslenice.edu.pl\/new\/index.php\/osrodek\/o-nas\/","title":{"rendered":"O nas"},"content":{"rendered":"\n<h5 class=\"wp-block-heading\">Organ prowadz\u0105cy O\u015brodek:<strong>&nbsp;Wojew\u00f3dztwo Ma\u0142opolskie<\/strong><\/h5>\n\n\n\n<h5 class=\"wp-block-heading\">Nadz\u00f3r pedagogiczny:<strong>&nbsp;Kuratorium O\u015bwiaty w Krakowie<\/strong><\/h5>\n\n\n\n<hr class=\"wp-block-separator is-style-wide\"\/>\n\n\n\n<h4 class=\"has-text-align-center wp-block-heading\">Specjalny O\u015brodek Szkolno-Wychowawczy w My\u015blenicach jest plac\u00f3wk\u0105 dydaktyczno-wychowawcz\u0105 i opieku\u0144cz\u0105 dla dzieci i m\u0142odzie\u017cy ze specjalnymi potrzebami edukacyjnymi, z niepe\u0142nosprawno\u015bci\u0105 intelektualn\u0105 w stopniu lekkim, umiarkowanym, znacznym oraz niepe\u0142nosprawno\u015bci\u0105 sprz\u0119\u017con\u0105 w tym m.in. z autyzmem, w wieku od 7 do 24 lat.<\/h4>\n\n\n\n<figure class=\"wp-block-gallery has-nested-images columns-default is-cropped wp-block-gallery-1 is-layout-flex wp-block-gallery-is-layout-flex\">\n<figure class=\"wp-block-image size-large\"><img loading=\"lazy\" decoding=\"async\" width=\"1000\" height=\"492\" data-id=\"3831\" src=\"https:\/\/soswmyslenice.edu.pl\/new\/wp-content\/uploads\/2024\/11\/1.jpg\" alt=\"Uczniowie z nauczycielami przebrani w stroje karnawa\u0142owe, z ty\u0142u kolorowy napis KARNAWA\u0141\" class=\"wp-image-3831\" srcset=\"https:\/\/soswmyslenice.edu.pl\/new\/wp-content\/uploads\/2024\/11\/1.jpg 1000w, https:\/\/soswmyslenice.edu.pl\/new\/wp-content\/uploads\/2024\/11\/1-300x148.jpg 300w, https:\/\/soswmyslenice.edu.pl\/new\/wp-content\/uploads\/2024\/11\/1-768x378.jpg 768w\" sizes=\"auto, (max-width: 1000px) 100vw, 1000px\" \/><\/figure>\n<\/figure>\n\n\n\n<hr class=\"wp-block-separator is-style-wide\"\/>\n\n\n\n<h4 class=\"has-text-align-left wp-block-heading\">W sk\u0142ad Specjalnego O\u015brodka Szkolno &#8211; Wychowawczego wchodz\u0105&nbsp;nast\u0119puj\u0105ce&nbsp;szko\u0142y:<\/h4>\n\n\n\n<h5 class=\"wp-block-heading\"><strong>Szko\u0142a Podstawowa 8 letnia<\/strong><\/h5>\n\n\n\n<h5 class=\"wp-block-heading\"><strong>Bran\u017cowa Szko\u0142a I stopnia 3 letnia<\/strong><\/h5>\n\n\n\n<h5 class=\"wp-block-heading\"><strong>Szko\u0142a Przysposabiaj\u0105ca do Pracy 3 letnia<\/strong><\/h5>\n\n\n\n<h5 class=\"wp-block-heading\"><strong>Internat<\/strong><\/h5>\n\n\n\n<hr class=\"wp-block-separator is-style-wide\"\/>\n\n\n\n<h4 class=\"wp-block-heading\">Kadra kierownicza i pedagogiczna: <\/h4>\n\n\n\n<p>Dyrektor O\u015brodka &#8211; <strong>mgr AGNIESZKA ROZKRUT<\/strong><br>Zast\u0119pca dyrektora O\u015brodka &#8211; <strong>mgr ANNA SALAWA<\/strong><br>G\u0142\u00f3wny ksi\u0119gowy &#8211; <strong>mgr MONIKA LIEDTKE<\/strong><\/p>\n\n\n\n<h5 class=\"wp-block-heading\">Specjalny O\u015brodek Szkolno &#8211; Wychowawczy zatrudnia:<\/h5>\n\n\n\n<p><br>Nauczycieli przedmiot\u00f3w og\u00f3lnokszta\u0142c\u0105cych:<br>\u2022 przedmiot\u00f3w og\u00f3lnych: j. polskiego, j. angielskiego, historii, matematyki, fizyki, biologii, chemii, geografii, informatyki, religii, wychowania fizycznego, wiedzy o spo\u0142ecze\u0144stwie, muzyki, plastyki, techniki, wychowania do \u017cycia w rodzinie<br>\u2022 Nauczycieli przedmiot\u00f3w zawodowych<br>\u2022 Nauczycieli oligofrenopedagog\u00f3w<br>\u2022 Terapeut\u00f3w pedagogicznych<br>\u2022 Psychologa<br>\u2022 Pedagoga<br>\u2022 Logoped\u0119<br>\u2022 Nauczyciela rehabilitacji ruchowej<br>\u2022 Nauczycieli &#8211; wychowawc\u00f3w internatu<br>W O\u015brodku funkcjonuje r\u00f3wnie\u017c Gabinet profilaktyki i pomocy przedlekarskiej w kt\u00f3rym codziennie pe\u0142ni dy\u017cur piel\u0119gniarka zatrudniona przez NFZ<\/p>\n\n\n\n<hr class=\"wp-block-separator is-style-wide\"\/>\n\n\n\n<div class=\"wp-block-columns is-layout-flex wp-container-core-columns-is-layout-9d6595d7 wp-block-columns-is-layout-flex\">\n<div class=\"wp-block-column is-layout-flow wp-block-column-is-layout-flow\" style=\"flex-basis:66.66%\">\n<h2 class=\"wp-block-heading\">Informacja o Specjalnym O\u015brodku Szkolno &#8211; Wychowawczym w tek\u015bcie \u0142atwym do czytania (ETR)<\/h2>\n<\/div>\n\n\n\n<div class=\"wp-block-column is-layout-flow wp-block-column-is-layout-flow\" style=\"flex-basis:33.33%\">\n<figure class=\"wp-block-image size-full\"><img loading=\"lazy\" decoding=\"async\" width=\"139\" height=\"139\" src=\"https:\/\/soswmyslenice.edu.pl\/new\/wp-content\/uploads\/2025\/09\/easy-to_read.jpg\" alt=\"Niebieskie t\u0142o znak tekstu ETR\" class=\"wp-image-4627\"\/><\/figure>\n<\/div>\n<\/div>\n\n\n\n<div class=\"wp-block-columns is-layout-flex wp-container-core-columns-is-layout-9d6595d7 wp-block-columns-is-layout-flex\">\n<div class=\"wp-block-column is-layout-flow wp-block-column-is-layout-flow\" style=\"flex-basis:66.66%\">\n<p><strong>Specjalny O\u015brodek Szkolno-Wychowawczy w My\u015blenicach<\/strong>&nbsp;to szko\u0142a dla dzieci i m\u0142odzie\u017cy z niepe\u0142nosprawno\u015bciami.<br>W szkole uczniowie mog\u0105 si\u0119 uczy\u0107 i rozwija\u0107 swoje umiej\u0119tno\u015bci.<\/p>\n\n\n\n<p>Nasz O\u015brodek znajduje si\u0119 w My\u015blenicach przy ulicy 3 Maja 97b.<\/p>\n<\/div>\n\n\n\n<div class=\"wp-block-column is-layout-flow wp-block-column-is-layout-flow\" style=\"flex-basis:33.33%\">\n<figure class=\"wp-block-image size-full\"><img loading=\"lazy\" decoding=\"async\" width=\"100\" height=\"100\" src=\"https:\/\/soswmyslenice.edu.pl\/new\/wp-content\/uploads\/2025\/09\/szkola.png\" alt=\"zielony piktogram szko\u0142y\" class=\"wp-image-4628\"\/><\/figure>\n<\/div>\n<\/div>\n\n\n\n<div class=\"wp-block-columns is-layout-flex wp-container-core-columns-is-layout-9d6595d7 wp-block-columns-is-layout-flex\">\n<div class=\"wp-block-column is-layout-flow wp-block-column-is-layout-flow\">\n<h3 class=\"wp-block-heading\"><strong>Jakie s\u0105 szko\u0142y w O\u015brodku?<\/strong><\/h3>\n\n\n\n<p><strong>Szko\u0142a Podstawowa<\/strong>&nbsp;\u2013 dla dzieci, kt\u00f3re maj\u0105 trudno\u015bci w nauce.<\/p>\n\n\n\n<p><strong>Szko\u0142a Bran\u017cowa I Stopnia<\/strong>&nbsp;\u2013 dla m\u0142odzie\u017cy, kt\u00f3ra chce nauczy\u0107 si\u0119 zawodu kucharza.<\/p>\n\n\n\n<p><strong>Szko\u0142a Przysposabiaj\u0105ca do Pracy<\/strong>&nbsp;\u2013 dla uczni\u00f3w, kt\u00f3rzy chc\u0105 nauczy\u0107 si\u0119 codziennych umiej\u0119tno\u015bci potrzebnych w \u017cyciu.<\/p>\n<\/div>\n<\/div>\n\n\n\n<h3 class=\"wp-block-heading\"><strong>Internat<\/strong><\/h3>\n\n\n\n<p>Dzieci, kt\u00f3re mieszkaj\u0105 daleko, mog\u0105 mieszka\u0107 w internacie.<br>W internacie opiekuj\u0105 si\u0119 nimi wychowawcy.<\/p>\n\n\n\n<h3 class=\"wp-block-heading\"><strong>Jak wygl\u0105da szko\u0142a?<\/strong><\/h3>\n\n\n\n<ul class=\"wp-block-list\"><li>Szko\u0142a ma jasne i przestronne klasy.<\/li><li>S\u0105 tam nowoczesne pomoce do nauki.<\/li><li>Jest sala do nauki gotowania.<\/li><li>S\u0105 specjalne gabinety do terapii i rehabilitacji.<\/li><\/ul>\n\n\n\n<h3 class=\"wp-block-heading\"><strong>Jakie zaj\u0119cia dodatkowe oferuje szko\u0142a?<\/strong><\/h3>\n\n\n\n<ul class=\"wp-block-list\"><li>Zaj\u0119cia z logoped\u0105.<\/li><li>Zaj\u0119cia z psychologiem.<\/li><li>Terapia pomagaj\u0105ca w nauce.<\/li><li>Zaj\u0119cia rozwijaj\u0105ce umiej\u0119tno\u015bci spo\u0142eczne.<\/li><li>Terapia metod\u0105 Tomatis i Biofeedback.<\/li><li>Zaj\u0119cia integracji sensorycznej<\/li><\/ul>\n\n\n\n<hr class=\"wp-block-separator is-style-wide\"\/>\n\n\n\n<h2 class=\"wp-block-heading\">Informacja o O\u015brodku w PJM<\/h2>\n\n\n\n<figure class=\"wp-block-video\"><video controls src=\"https:\/\/soswmyslenice.edu.pl\/new\/wp-content\/uploads\/2025\/09\/Informacja-dla-Gluchych.mp4\"><\/video><\/figure>\n","protected":false},"excerpt":{"rendered":"<p>Organ prowadz\u0105cy O\u015brodek:&nbsp;Wojew\u00f3dztwo Ma\u0142opolskie Nadz\u00f3r pedagogiczny:&nbsp;Kuratorium O\u015bwiaty w Krakowie Specjalny O\u015brodek Szkolno-Wychowawczy w My\u015blenicach jest plac\u00f3wk\u0105 dydaktyczno-wychowawcz\u0105 i opieku\u0144cz\u0105 dla dzieci i m\u0142odzie\u017cy ze specjalnymi&hellip;<\/p>\n","protected":false},"author":2,"featured_media":0,"parent":22,"menu_order":0,"comment_status":"closed","ping_status":"closed","template":"","meta":{"footnotes":""},"class_list":["post-24","page","type-page","status-publish","hentry"],"_links":{"self":[{"href":"https:\/\/soswmyslenice.edu.pl\/new\/index.php\/wp-json\/wp\/v2\/pages\/24","targetHints":{"allow":["GET"]}}],"collection":[{"href":"https:\/\/soswmyslenice.edu.pl\/new\/index.php\/wp-json\/wp\/v2\/pages"}],"about":[{"href":"https:\/\/soswmyslenice.edu.pl\/new\/index.php\/wp-json\/wp\/v2\/types\/page"}],"author":[{"embeddable":true,"href":"https:\/\/soswmyslenice.edu.pl\/new\/index.php\/wp-json\/wp\/v2\/users\/2"}],"replies":[{"embeddable":true,"href":"https:\/\/soswmyslenice.edu.pl\/new\/index.php\/wp-json\/wp\/v2\/comments?post=24"}],"version-history":[{"count":17,"href":"https:\/\/soswmyslenice.edu.pl\/new\/index.php\/wp-json\/wp\/v2\/pages\/24\/revisions"}],"predecessor-version":[{"id":4660,"href":"https:\/\/soswmyslenice.edu.pl\/new\/index.php\/wp-json\/wp\/v2\/pages\/24\/revisions\/4660"}],"up":[{"embeddable":true,"href":"https:\/\/soswmyslenice.edu.pl\/new\/index.php\/wp-json\/wp\/v2\/pages\/22"}],"wp:attachment":[{"href":"https:\/\/soswmyslenice.edu.pl\/new\/index.php\/wp-json\/wp\/v2\/media?parent=24"}],"curies":[{"name":"wp","href":"https:\/\/api.w.org\/{rel}","templated":true}]}}