{"id":2625,"date":"2023-10-19T20:45:19","date_gmt":"2023-10-19T18:45:19","guid":{"rendered":"https:\/\/soswmyslenice.edu.pl\/new\/?page_id=2625"},"modified":"2024-11-22T12:30:59","modified_gmt":"2024-11-22T11:30:59","slug":"godziny-dostepnosci","status":"publish","type":"page","link":"https:\/\/soswmyslenice.edu.pl\/new\/index.php\/godziny-dostepnosci\/","title":{"rendered":"Godziny dost\u0119pno\u015bci"},"content":{"rendered":"\n<p style=\"font-size:24px\"><strong>Godziny dost\u0119pno\u015bci<\/strong><\/p>\n\n\n\n<figure class=\"wp-block-table is-style-regular\"><table><tbody><tr><td>1<\/td><td>A. Rozkrut<\/td><td>pon. 11.00-12.00<\/td><\/tr><tr><td>2<\/td><td>A. Salawa<\/td><td>wt. 11.00-12.00<\/td><\/tr><tr><td>3<\/td><td>S. Burkat<\/td><td>\u015br. 8.45-9.45<\/td><\/tr><tr><td>4<\/td><td>K. Buszkiewicz<br><\/td><td>pon. 7.30-8.00;<br>pon. 12.30-13.00<\/td><\/tr><tr><td>5<\/td><td>B. Chabiniak<\/td><td>pon. 14.00-15.00<\/td><\/tr><tr><td>6<\/td><td>A. Ciaputa<\/td><td>czw. 9.50-10.20;<br>pt. 9.00-9.30<\/td><\/tr><tr><td>7<\/td><td>H. Dragosz<\/td><td>wt. 10.25-11.25<\/td><\/tr><tr><td>8<\/td><td>D. Dulska<\/td><td>wt. 13.30-14.00;<br>pt.11.30-12.00<\/td><\/tr><tr><td>9<\/td><td>K. Dziewo\u0144ska<\/td><td>\u015br. 9.45-10.45<\/td><\/tr><tr><td>10<\/td><td>K. Florczak<\/td><td>pon. 10.30-11.30<\/td><\/tr><tr><td>11<\/td><td>M. Hajduk-K\u0119dzior<\/td><td>\u015br. 12.30-13.00;<br>czw. 12.30-13.00<\/td><\/tr><tr><td>12<\/td><td>I. Jamr\u00f3z<\/td><td>\u015br. 10.25-10.55;<br>czw.10.25-10.55<\/td><\/tr><tr><td>13<\/td><td>A. Janik<\/td><td>pon. 11.00-11.30;<br>czw. 10.30-11.00<\/td><\/tr><tr><td>14<\/td><td>E. J\u0119drocha<\/td><td>czw. 9.40-10.40<\/td><\/tr><tr><td>15<\/td><td>E. K\u0105dzio\u0142ka-Pude\u0142ko<\/td><td>wt. 7.30-8.00;<br>pt. 7.30-8.00<\/td><\/tr><tr><td>16<\/td><td>J. Klimek<\/td><td>wt. 8.20-8.50;<br>pt. 11.0-11.30<\/td><\/tr><tr><td>17<\/td><td>M. Kubiczek-R\u00f3\u017cycka<\/td><td>pon. 9.40-10.10;<br>\u015br. 10.45-11.15<\/td><\/tr><tr><td>18<\/td><td>A. \u0141atas<\/td><td>\u015br. 11.00-11.30;<br>pt. 13.30-14.00<\/td><\/tr><tr><td>19<\/td><td>B. \u0141\u0119tocha<\/td><td>pon. 8.50-9.20;<br>wt. 9.40-10.10<\/td><\/tr><tr><td>20<\/td><td>M. Makarewicz<\/td><td>wt. 8.50-9.20;<br>\u015br. 11.40-12.10<\/td><\/tr><tr><td>21<\/td><td>A. Nurkowska<\/td><td>pon. 11.00-11.30;<br>wt. 11.00-11.30<\/td><\/tr><tr><td>22<\/td><td>D. Orawin<\/td><td>pon. 11.00-11.30;<br>czw. 11.00-11.30<\/td><\/tr><tr><td>23<\/td><td>F. Pacia<\/td><td>pon. 11.25-12.25<\/td><\/tr><tr><td>24<\/td><td>M. Paszkowska<\/td><td>pon. 8.00-8.30;<br>czw. 8.00-8.30<\/td><\/tr><tr><td>25<\/td><td>A. Pindela<\/td><td>wt. 9.35-10.35<\/td><\/tr><tr><td>26<\/td><td>A. Pisarska<\/td><td>czw. 8.00-8.30;<br>czw. 11.00-11.30<\/td><\/tr><tr><td>27<\/td><td>B. Poradzisz<\/td><td>pon. 10.05-10.35;<br>pon. 14.20-14.50<\/td><\/tr><tr><td>28<\/td><td>M. Przyborowska<\/td><td>pon. 10.50-11.20<\/td><\/tr><tr><td>29<\/td><td>K. R\u00f3g<\/td><td>\u015br. 9.40-10.40<\/td><\/tr><tr><td>30<\/td><td>E. Skrzypek<\/td><td>pon. 7.30-8.00;<br>pt. 7.30-8.00<\/td><\/tr><tr><td>31<\/td><td>M. Szafraniec<\/td><td>pon. 9.40-10.10;<br>wt. 8.50-9.20<\/td><\/tr><tr><td>32<\/td><td>A. Tarnawska<\/td><td>\u015br. 7.30-8.00;<br>pt. 7.15-7.45<\/td><\/tr><tr><td>33<\/td><td>J. Tomal<\/td><td>pon. 10.45-11.15;<br>wt. 11.30-12.00<\/td><\/tr><tr><td>34<\/td><td>V. Tomal<\/td><td>pon.11.45-12.15;<br>pt.12.35-13.05<\/td><\/tr><tr><td>35<\/td><td>K. Turek<\/td><td>czw. 15.00-16.00<\/td><\/tr><tr><td>36<\/td><td>A. Tyczka<\/td><td>pon. 10.0-10.30;<br>pt. 10.00-10.30<\/td><\/tr><tr><td>37<\/td><td>B. Wnuk<\/td><td>\u015br. 9.40-10.10;<br>czw. 9.40-10.10<\/td><\/tr><tr><td>38<\/td><td>D. Wnuk<\/td><td>pt. 9.00-9.30;<br>pt.10.45-11.15<\/td><\/tr><tr><td>39<\/td><td>E. W\u00f3jcik-Jackowska<\/td><td>\u015br. 7.30-8.00;<br>czw. 7.30-8.00<\/td><\/tr><tr><td>40<\/td><td>B. Zdu\u0144<\/td><td>pon.13.30-14.00;<br>\u015br. 15.00-15.30<\/td><\/tr><tr><td>41<\/td><td>A. \u017b\u0105d\u0142o<\/td><td>czw. 9.00-9.30;<br>pt. 10.00-10.30<\/td><\/tr><tr><td>42<\/td><td>M. Klakla<\/td><td>czw. 7.30-8.00;<br>pt. 7.30-8.00<\/td><\/tr><tr><td>43<\/td><td>J. Wrona<\/td><td>\u015br. 10.00-11.00<\/td><\/tr><\/tbody><\/table><\/figure>\n\n\n\n<p><\/p>\n\n\n\n<p style=\"font-size:24px\"><strong>Internat<\/strong><\/p>\n\n\n\n<figure class=\"wp-block-table\"><table><tbody><tr><td>1<\/td><td>K. Birnbaum<\/td><td>pon. 19.00-19.30;<br>wt. 13.30-14.00<\/td><\/tr><tr><td>2<\/td><td>S. Jamr\u00f3z<\/td><td>pon. 20.00-21.00<\/td><\/tr><tr><td>3<\/td><td>P. Magiera<\/td><td>pon. 18.00-19.00<\/td><\/tr><tr><td>4<\/td><td>A. Piotrowicz<\/td><td>wt. 21.00-22.00<\/td><\/tr><tr><td>5<\/td><td>A. Urbanik<\/td><td>wt. 8.00-9.00<\/td><\/tr><\/tbody><\/table><\/figure>\n","protected":false},"excerpt":{"rendered":"<p>Godziny dost\u0119pno\u015bci 1 A. Rozkrut pon. 11.00-12.00 2 A. Salawa wt. 11.00-12.00 3 S. Burkat \u015br. 8.45-9.45 4 K. Buszkiewicz pon. 7.30-8.00;pon. 12.30-13.00 5 B.&hellip;<\/p>\n","protected":false},"author":4,"featured_media":0,"parent":0,"menu_order":0,"comment_status":"closed","ping_status":"closed","template":"","meta":{"footnotes":""},"class_list":["post-2625","page","type-page","status-publish","hentry"],"_links":{"self":[{"href":"https:\/\/soswmyslenice.edu.pl\/new\/index.php\/wp-json\/wp\/v2\/pages\/2625","targetHints":{"allow":["GET"]}}],"collection":[{"href":"https:\/\/soswmyslenice.edu.pl\/new\/index.php\/wp-json\/wp\/v2\/pages"}],"about":[{"href":"https:\/\/soswmyslenice.edu.pl\/new\/index.php\/wp-json\/wp\/v2\/types\/page"}],"author":[{"embeddable":true,"href":"https:\/\/soswmyslenice.edu.pl\/new\/index.php\/wp-json\/wp\/v2\/users\/4"}],"replies":[{"embeddable":true,"href":"https:\/\/soswmyslenice.edu.pl\/new\/index.php\/wp-json\/wp\/v2\/comments?post=2625"}],"version-history":[{"count":36,"href":"https:\/\/soswmyslenice.edu.pl\/new\/index.php\/wp-json\/wp\/v2\/pages\/2625\/revisions"}],"predecessor-version":[{"id":3914,"href":"https:\/\/soswmyslenice.edu.pl\/new\/index.php\/wp-json\/wp\/v2\/pages\/2625\/revisions\/3914"}],"wp:attachment":[{"href":"https:\/\/soswmyslenice.edu.pl\/new\/index.php\/wp-json\/wp\/v2\/media?parent=2625"}],"curies":[{"name":"wp","href":"https:\/\/api.w.org\/{rel}","templated":true}]}}