{"id":29,"date":"2018-11-17T10:47:37","date_gmt":"2018-11-17T09:47:37","guid":{"rendered":"http:\/\/soswmyslenice.edu.pl\/new\/?page_id=29"},"modified":"2018-12-13T23:03:33","modified_gmt":"2018-12-13T22:03:33","slug":"opieka-specjalistyczna","status":"publish","type":"page","link":"https:\/\/soswmyslenice.edu.pl\/new\/index.php\/osrodek\/opieka-specjalistyczna\/","title":{"rendered":"Opieka specjalistyczna"},"content":{"rendered":"<div class=\"wpb-content-wrapper\"><p>[vc_row][vc_column][vc_separator color=&#8221;mulled_wine&#8221;][\/vc_column][\/vc_row][vc_row][vc_column][vc_column_text]<\/p>\n<h3 style=\"text-align: center;\"><strong>Opieka specjalistyczna i zaj\u0119cia rozwijaj\u0105ce zainteresowania<\/strong><\/h3>\n<h5>Uczniowie uczestnicz\u0105:<br \/>\n1. W zaj\u0119ciach rewalidacyjnych:<br \/>\n&#8211; usprawniaj\u0105cych techniki szkolne<br \/>\n&#8211; usprawniaj\u0105cych mow\u0119 i komunikacj\u0119<br \/>\n&#8211; usprawniaj\u0105cych kompetencje spo\u0142eczno &#8211; emocjonalne<br \/>\n&#8211; usprawniaj\u0105cych ruch, w tym gimnastyka korekcyjna<br \/>\n2. W terapii pedagogicznej i psychologicznej<br \/>\n3. W terapii metod\u0105 BIOFEEDBACK<br \/>\n4. W terapii metod\u0105 TOMATIS<br \/>\n5. W zaj\u0119ciach z logoped\u0105<br \/>\n6. W zaj\u0119ciach prowadzonych metod\u0105 alternatywnej i wspomagaj\u0105cej komunikacji<br \/>\n7. W zaj\u0119ciach prowadzonych metod\u0105 integracji sensorycznej<\/h5>\n<h5><\/h5>\n<p>[\/vc_column_text][\/vc_column][\/vc_row][vc_row][vc_column][vc_separator color=&#8221;mulled_wine&#8221;][\/vc_column][\/vc_row][vc_row][vc_column][vc_column_text]<\/p>\n<h3 style=\"text-align: center;\"><strong>Ko\u0142a zainteresowa\u0144<\/strong><\/h3>\n<p><strong>Uczniowie maj\u0105 mo\u017cliwo\u015b\u0107 w uczestnictwie w zaj\u0119ciach rozwijaj\u0105cych ich zainteresowania min:<\/strong>[\/vc_column_text][\/vc_column][\/vc_row][vc_row][vc_column][vc_separator color=&#8221;mulled_wine&#8221;][\/vc_column][\/vc_row][vc_row][vc_column width=&#8221;1\/2&#8243;][vc_column_text]<\/p>\n<h4><strong>Zaj\u0119ciach wokalno &#8211; tanecznych<\/strong><\/h4>\n<h5 style=\"text-align: justify;\"><span style=\"color: #000000;\">Zaj\u0119cia polegaj\u0105 na obcowaniu uczni\u00f3w z muzyk\u0105, ruchem i ta\u0144cem. Maj\u0105 na celu zaspokajanie potrzeby ruchu, odpr\u0119\u017cenia, ekspresji i potrzeby tworzenia. S\u0105 sposobem na aktywn\u0105 form\u0119 sp\u0119dzenia wolnego czasu. Uczniowie bior\u0105cy udzia\u0142 w zaj\u0119ciach wokalno-tanecznych, wielokrotnie reprezentuj\u0105 nasz O\u015brodek w konkursach wokalnych.<\/span><\/h5>\n<p>[\/vc_column_text][\/vc_column][vc_column width=&#8221;1\/2&#8243;][vc_images_carousel images=&#8221;479,478,477,476&#8243; img_size=&#8221;400&#215;260&#8243; mode=&#8221;vertical&#8221;][\/vc_column][\/vc_row][vc_row][vc_column][vc_separator color=&#8221;mulled_wine&#8221;][\/vc_column][\/vc_row][vc_row][vc_column width=&#8221;1\/2&#8243;][vc_images_carousel images=&#8221;483,482,481,480&#8243; img_size=&#8221;400&#215;260&#8243; mode=&#8221;vertical&#8221;][\/vc_column][vc_column width=&#8221;1\/2&#8243;][vc_column_text]<\/p>\n<h4><strong>Zaj\u0119ciach ko\u0142a teatralnego<\/strong><\/h4>\n<h5 style=\"text-align: justify;\"><span style=\"color: #000000;\">Zaj\u0119cia teatralne stanowi\u0105 szczeg\u00f3ln\u0105 form\u0119 aktywno\u015bci i ekspresji tw\u00f3rczej dla uczni\u00f3w. Poprzez udzia\u0142 w zaj\u0119ciach odkrywaj\u0105 swoje uzdolnienia sceniczne, wczuwanie si\u0119 w role. Podczas zaj\u0119\u0107 przygotowuj\u0105 szereg przedstawie\u0144, corocznie mo\u017cemy ogl\u0105da\u0107 Jase\u0142ka w ich wykonaniu. Bior\u0105 udzia\u0142 w licznych konkursach dla grup teatralnych &#8211; otrzymuj\u0105c za swoje wyst\u0119py nagrody i wyr\u00f3\u017cnienia.<\/span><\/h5>\n<p>[\/vc_column_text][\/vc_column][\/vc_row][vc_row][vc_column][vc_separator color=&#8221;mulled_wine&#8221;][\/vc_column][\/vc_row][vc_row][vc_column width=&#8221;1\/2&#8243;][vc_column_text]<\/p>\n<h4><strong>Zaj\u0119ciach Szkolnego Ko\u0142a Sportowego<\/strong><\/h4>\n<h5 style=\"text-align: justify;\">Zaj\u0119cia ko\u0142a maj\u0105 na celu: kszta\u0142towanie og\u00f3lnej sprawno\u015bci fizycznej poprzez nauk\u0119 i zabaw\u0119, doskonalenie techniki oraz taktyki gry w unihokeja, pi\u0142k\u0119 no\u017cn\u0105, pi\u0142k\u0119 siatkow\u0105, pi\u0142k\u0119 r\u0119czn\u0105 i pi\u0142k\u0119 koszykow\u0105, rozwijanie zdolno\u015bci takich jak si\u0142a, szybko\u015b\u0107, koordynacja, wytrzyma\u0142o\u015b\u0107, a tak\u017ce umiej\u0119tno\u015b\u0107 precyzyjnego i celnego rzutu, prawid\u0142owego odbicia podczas ataku i bloku w pi\u0142ce siatkowej, prawid\u0142owego i celnego strza\u0142u na bramk\u0119 w unihokeju, pi\u0142ce r\u0119cznej i pi\u0142ce no\u017cnej. Uczniowie poznaj\u0105 zasady fair play jakie obowi\u0105zuj\u0105 w sporcie oraz przepisy gry w wy\u017cej wymienionych dyscyplinach.<\/h5>\n<p>[\/vc_column_text][\/vc_column][vc_column width=&#8221;1\/2&#8243;][vc_images_carousel images=&#8221;484,485,486,487&#8243; img_size=&#8221;400&#215;260&#8243; mode=&#8221;vertical&#8221;][\/vc_column][\/vc_row][vc_row][vc_column][vc_separator color=&#8221;mulled_wine&#8221;][\/vc_column][\/vc_row][vc_row][vc_column][vc_column_text]<\/p>\n<h4><strong>Zaj\u0119ciach ko\u0142a dziennikarskiego<\/strong><\/h4>\n<h5 style=\"text-align: justify;\">Podczas spotka\u0144 ko\u0142a dziennikarskiego uczniowie maj\u0105 mo\u017cliwo\u015b\u0107 zapoznania si\u0119 z prac\u0105 dziennikarza, redaguj\u0105 szkoln\u0105 gazetk\u0119 \u201eGLOBUS&#8221;. Uczniowie doskonal\u0105 umiej\u0119tno\u015bci komunikowania si\u0119, pisz\u0105 artyku\u0142y, robi\u0105 potrzebne zdj\u0119cia, edytuj\u0105c i tworz\u0105c gazetk\u0119 doskonal\u0105 umiej\u0119tno\u015b\u0107 pracy na komputerze. W trakcie zaj\u0119\u0107 rozwijaj\u0105 swoje umiej\u0119tno\u015bci redakcyjne i j\u0119zykowe.<\/h5>\n<h5><\/h5>\n<h5><\/h5>\n<p>[\/vc_column_text][\/vc_column][\/vc_row][vc_row][vc_column][vc_separator color=&#8221;mulled_wine&#8221;][\/vc_column][\/vc_row][vc_row][vc_column][vc_column_text]<\/p>\n<h4><strong>Zaj\u0119ciach ko\u0142a komputerowego<\/strong><\/h4>\n<h5 style=\"text-align: justify;\">Zaj\u0119cia \u00a0pozwalaj\u0105 uczniom poszerzy\u0107 wiadomo\u015bci z zakresu korzystania z program\u00f3w tj.: WORD, POWER POINT, EXCEL, rozwija\u0107 umiej\u0119tno\u015bci zwi\u0105zane z obs\u0142ug\u0105 program\u00f3w komputerowych, daj\u0105 r\u00f3wnie\u017c mo\u017cliwo\u015b\u0107 bezpiecznego wykorzystania Internetu. Ponadto pozwalaj\u0105 w ciekawy spos\u00f3b sp\u0119dzi\u0107 wolny czas. Zaj\u0119cia odbywaj\u0105 si\u0119 w pracowni wyposa\u017conej w nowoczesny sprz\u0119t komputerowy z dost\u0119pem do szybkiego Internetu.<\/h5>\n<p>[\/vc_column_text][\/vc_column][\/vc_row][vc_row][vc_column][vc_separator color=&#8221;mulled_wine&#8221;][\/vc_column][\/vc_row][vc_row][vc_column][vc_column_text]<\/p>\n<h4><strong>Zaj\u0119ciach ko\u0142a bezpiecze\u0144stwa w ruchu drogowym<\/strong><\/h4>\n<h5 style=\"text-align: justify;\">W trakcie zaj\u0119\u0107 Ko\u0142a BRD uczestnicy utrwalaj\u0105 prawid\u0142owe zachowania na drodze, przygotowuj\u0105 uczni\u00f3w do konkurs\u00f3w wiedzy o ruchu drogowym oraz wdra\u017caj\u0105 uczni\u00f3w do samodzielnego korzystania z materia\u0142\u00f3w o tematyce ruchu drogowego dost\u0119pnych w Internecie.<\/h5>\n<p>[\/vc_column_text][\/vc_column][\/vc_row][vc_row][vc_column][vc_separator color=&#8221;mulled_wine&#8221;][\/vc_column][\/vc_row]<\/p>\n<\/div>","protected":false},"excerpt":{"rendered":"<p>[vc_row][vc_column][vc_separator color=&#8221;mulled_wine&#8221;][\/vc_column][\/vc_row][vc_row][vc_column][vc_column_text] Opieka specjalistyczna i zaj\u0119cia rozwijaj\u0105ce zainteresowania Uczniowie uczestnicz\u0105: 1. W zaj\u0119ciach rewalidacyjnych: &#8211; usprawniaj\u0105cych techniki szkolne &#8211; usprawniaj\u0105cych mow\u0119 i komunikacj\u0119 &#8211; usprawniaj\u0105cych&hellip;<\/p>\n","protected":false},"author":2,"featured_media":0,"parent":22,"menu_order":0,"comment_status":"closed","ping_status":"closed","template":"","meta":{"footnotes":""},"class_list":["post-29","page","type-page","status-publish","hentry"],"_links":{"self":[{"href":"https:\/\/soswmyslenice.edu.pl\/new\/index.php\/wp-json\/wp\/v2\/pages\/29","targetHints":{"allow":["GET"]}}],"collection":[{"href":"https:\/\/soswmyslenice.edu.pl\/new\/index.php\/wp-json\/wp\/v2\/pages"}],"about":[{"href":"https:\/\/soswmyslenice.edu.pl\/new\/index.php\/wp-json\/wp\/v2\/types\/page"}],"author":[{"embeddable":true,"href":"https:\/\/soswmyslenice.edu.pl\/new\/index.php\/wp-json\/wp\/v2\/users\/2"}],"replies":[{"embeddable":true,"href":"https:\/\/soswmyslenice.edu.pl\/new\/index.php\/wp-json\/wp\/v2\/comments?post=29"}],"version-history":[{"count":6,"href":"https:\/\/soswmyslenice.edu.pl\/new\/index.php\/wp-json\/wp\/v2\/pages\/29\/revisions"}],"predecessor-version":[{"id":565,"href":"https:\/\/soswmyslenice.edu.pl\/new\/index.php\/wp-json\/wp\/v2\/pages\/29\/revisions\/565"}],"up":[{"embeddable":true,"href":"https:\/\/soswmyslenice.edu.pl\/new\/index.php\/wp-json\/wp\/v2\/pages\/22"}],"wp:attachment":[{"href":"https:\/\/soswmyslenice.edu.pl\/new\/index.php\/wp-json\/wp\/v2\/media?parent=29"}],"curies":[{"name":"wp","href":"https:\/\/api.w.org\/{rel}","templated":true}]}}