{"id":3018,"date":"2024-03-01T08:24:13","date_gmt":"2024-03-01T07:24:13","guid":{"rendered":"https:\/\/soswmyslenice.edu.pl\/new\/?page_id=3018"},"modified":"2024-11-18T09:30:07","modified_gmt":"2024-11-18T08:30:07","slug":"aktywna-tablica","status":"publish","type":"page","link":"https:\/\/soswmyslenice.edu.pl\/new\/index.php\/aktywna-tablica\/","title":{"rendered":"TIK w szkole"},"content":{"rendered":"\n<h2 class=\"wp-block-heading\">TIK w szkole<\/h2>\n\n\n\n<figure class=\"wp-block-gallery has-nested-images columns-default is-cropped wp-block-gallery-1 is-layout-flex wp-block-gallery-is-layout-flex\">\n<figure class=\"wp-block-image size-large\"><img loading=\"lazy\" decoding=\"async\" width=\"346\" height=\"146\" data-id=\"3074\" src=\"https:\/\/soswmyslenice.edu.pl\/new\/wp-content\/uploads\/2024\/03\/download-1.jpg\" alt=\"Napis Aktywna tablica\" class=\"wp-image-3074\" srcset=\"https:\/\/soswmyslenice.edu.pl\/new\/wp-content\/uploads\/2024\/03\/download-1.jpg 346w, https:\/\/soswmyslenice.edu.pl\/new\/wp-content\/uploads\/2024\/03\/download-1-300x127.jpg 300w\" sizes=\"auto, (max-width: 346px) 100vw, 346px\" \/><\/figure>\n<\/figure>\n\n\n\n<p><strong>O PROGRAMIE:<br><\/strong>W roku szkolnym 2023\/2024 Nasz O\u015brodek uczestniczy w rz\u0105dowym programie \u201eAktywna Tablica&#8221;. G\u0142\u00f3wnym celem programu jest wyposa\u017cenie szk\u00f3\u0142 w nowoczesne \u015brodki nauczania TIK oraz rozwijanie kompetencji uczni\u00f3w i nauczycieli w zakresie wykorzystywania technologii informacyjno-komunikacyjnych. Dzi\u0119ki pozyskanemu dofinansowaniu O\u015brodek zyska\u0142 nowoczesne pomoce dydaktyczne, umo\u017cliwiaj\u0105ce rozwijanie kompetencji cyfrowych uczni\u00f3w i nauczycieli.<\/p>\n\n\n\n<p><br>W ramach udzielonego wsparcia finansowego zosta\u0142y zakupione nast\u0119puj\u0105ce \u015brodki edukacyjne:<br>\u2022 <strong>Pod\u0142oga interaktywn<\/strong>a \u201eFunFloor\u201d ze statywem jezdnym wraz z pakietem gier: Rewalidacja i Terapia oraz Rozw\u00f3j M\u00f3zgu<br>\u2022 <strong>Programy interaktywne:<\/strong><br>&#8211; mTalent AUTYZM. Tworzenie umiej\u0119tno\u015bci \u017cyciowych 11 wraz z tabletem<br>&#8211; mTalent AUTYZM. Rozumienie i na\u015bladowanie mowy + Mowa w kontek\u015bcie spo\u0142ecznym cz. 1<br>&#8211; mTalent AUTYZM. Mowa czynna, od s\u0142owa do zdania + Mowa w kontek\u015bcie spo\u0142ecznym cz. 2<br>&#8211; mTalent PERCEPCJA WZROKOWO \u2013 S\u0141UCHOWA. Pakiet Ekspert<br>&#8211; mTalent Trudno\u015bci w pisaniu<br>&#8211; m Talent ADHD<br>&#8211; mTalent Czytanie SY-LA-BA-MI. Pakiet Ekspert<br><strong>\u2022 Photon Modu\u0142 Specjalne Potrzeby Edukacyjne (SPE) \u2013 zestaw rozszerzony<br>\u2022 Photon Modu\u0142 Edukacja Spo\u0142eczno \u2013 Emocjonalna<br>\u2022 eduSensus Spektrum Autyzmu poziom 2 1.0<br>\u2022 Program multimedialny &#8211; Rozwijanie kompetencji emocjonalno &#8211; spo\u0142ecznych<br>\u2022 2 tablety<br>\u2022 Laptop LENOVO<\/strong><\/p>\n\n\n\n<figure class=\"wp-block-gallery has-nested-images columns-default is-cropped wp-block-gallery-2 is-layout-flex wp-block-gallery-is-layout-flex\">\n<figure class=\"wp-block-image size-large\"><img loading=\"lazy\" decoding=\"async\" width=\"752\" height=\"1000\" data-id=\"3047\" src=\"https:\/\/soswmyslenice.edu.pl\/new\/wp-content\/uploads\/2024\/03\/422233663_724507089770607_5895893733859279014_n.jpg\" alt=\"Ucze\u0144 siedzi na pod\u0142odze, przed nim znajduje si\u0119 robot edukacyjny.\" class=\"wp-image-3047\" srcset=\"https:\/\/soswmyslenice.edu.pl\/new\/wp-content\/uploads\/2024\/03\/422233663_724507089770607_5895893733859279014_n.jpg 752w, https:\/\/soswmyslenice.edu.pl\/new\/wp-content\/uploads\/2024\/03\/422233663_724507089770607_5895893733859279014_n-226x300.jpg 226w\" sizes=\"auto, (max-width: 752px) 100vw, 752px\" \/><\/figure>\n\n\n\n<figure class=\"wp-block-image size-large\"><img loading=\"lazy\" decoding=\"async\" width=\"752\" height=\"1000\" data-id=\"3050\" src=\"https:\/\/soswmyslenice.edu.pl\/new\/wp-content\/uploads\/2024\/03\/431478738_957502692562029_467075431742292449_n.jpg\" alt=\"Ucze\u0144 przechodzi przez jezdni\u0119 na pod\u0142odze interaktywnej.\" class=\"wp-image-3050\" srcset=\"https:\/\/soswmyslenice.edu.pl\/new\/wp-content\/uploads\/2024\/03\/431478738_957502692562029_467075431742292449_n.jpg 752w, https:\/\/soswmyslenice.edu.pl\/new\/wp-content\/uploads\/2024\/03\/431478738_957502692562029_467075431742292449_n-226x300.jpg 226w\" sizes=\"auto, (max-width: 752px) 100vw, 752px\" \/><\/figure>\n\n\n\n<figure class=\"wp-block-image size-large\"><img loading=\"lazy\" decoding=\"async\" width=\"752\" height=\"1000\" data-id=\"3051\" src=\"https:\/\/soswmyslenice.edu.pl\/new\/wp-content\/uploads\/2024\/03\/431503592_1037689107327919_322193115506171413_n.jpg\" alt=\"Uczennica dopasowuje wyrazy na dywanie interkatywnym.\" class=\"wp-image-3051\" srcset=\"https:\/\/soswmyslenice.edu.pl\/new\/wp-content\/uploads\/2024\/03\/431503592_1037689107327919_322193115506171413_n.jpg 752w, https:\/\/soswmyslenice.edu.pl\/new\/wp-content\/uploads\/2024\/03\/431503592_1037689107327919_322193115506171413_n-226x300.jpg 226w\" sizes=\"auto, (max-width: 752px) 100vw, 752px\" \/><\/figure>\n<\/figure>\n\n\n\n<h4 class=\"has-text-align-left wp-block-heading\"><strong>G\u0141\u00d3WNE&nbsp; DZIA\u0141ANIA PODJ\u0118TE W RAMACH PROGRAMU \u201eAKTYWNA TABLICA\u201d W ROKU SZKOLNYM&nbsp; 2023\/2024<\/strong><\/h4>\n\n\n\n<p>W ramach realizacji programu Aktywna Tablica podj\u0119to nast\u0119puj\u0105ce dzia\u0142ania:<\/p>\n\n\n\n<ol class=\"wp-block-list\" type=\"1\"><li>Powo\u0142ano zesp\u00f3\u0142 nauczycieli i wyznaczenie szkolnego e &#8211; koordynatora programu.<\/li><li>Przygotowano harmonogram dzia\u0142a\u0144 dotycz\u0105cych wdro\u017cenia TIK w procesie nauczania.<\/li><li>Stworzono zak\u0142adk\u0119 na stronie internetowej szko\u0142y i zamieszczono informacji o&nbsp;realizacji Programu.<\/li><li>Wykorzystywano TIK na zaj\u0119ciach edukacyjnych prowadzonych w ka\u017cdym oddziale szko\u0142y podstawowej, w liczbie co najmniej 5 godzin zaj\u0119\u0107 edukacyjnych \u015brednio w ka\u017cdym tygodniu nauki pocz\u0105wszy od dnia zainstalowania i uruchomienia monitor\u00f3w interaktywnych. Lekcje z wykorzystaniem TIK z ka\u017cdego oddzia\u0142u w szkole odnotowywano w dziennikach lekcyjnych poprzez dopisanie do tematu lekcji \u201eTIK\u201d<\/li><li>Przeprowadzono szkolene&nbsp; w zakresie zastosowania TIK w procesie nauczania w ramach zespo\u0142\u00f3w przedmiotowych przez cz\u0142onk\u00f3w nauczycielskiego zespo\u0142u samokszta\u0142ceniowego \u201eRozwijanie umiej\u0119tno\u015bci uczni\u00f3w i nauczycieli z wykorzystaniem sprz\u0119tu w ramach programu \u201eAktywna Tablica\u201d<\/li><\/ol>\n\n\n\n<p>Zakupione pomoce s\u0105 istotnym wsparciem nauczycieli w procesie kszta\u0142cenia. Programy multimedialne, roboty Photon oraz dywan interaktywny FunFloor s\u0105 wykorzystywane podczas pracy stacjonarnej &#8211; na zaj\u0119ciach indywidualny&nbsp;i grupowych. Pomagaj\u0105 zwi\u0119kszy\u0107 zaanga\u017cowanie nauczycieli w proces wykorzystania TIK na zaj\u0119ciach z dzie\u0107mi, a w przypadku dzieci &#8211; poprzez uatrakcyjnienie zaj\u0119\u0107 zwi\u0119kszaj\u0105 ich zaanga\u017cowanie w proces uczenia si\u0119. Wykorzystanie pomocy multimedialnych przez nauczycieli pomaga osi\u0105gn\u0105\u0107 zak\u0142adane cele. &nbsp;&nbsp;&nbsp;&nbsp;<\/p>\n\n\n\n<figure class=\"wp-block-gallery has-nested-images columns-default is-cropped wp-block-gallery-3 is-layout-flex wp-block-gallery-is-layout-flex\">\n<figure class=\"wp-block-image size-large\"><img loading=\"lazy\" decoding=\"async\" width=\"1000\" height=\"750\" data-id=\"3551\" src=\"https:\/\/soswmyslenice.edu.pl\/new\/wp-content\/uploads\/2024\/09\/ce56fb09-8528-483e-8e5d-add2b4c3ffdd.jpg\" alt=\"Uczniowie podczas zaj\u0119\u0107 z wykorzystaniem pod\u0142ogi FunFloor\" class=\"wp-image-3551\" srcset=\"https:\/\/soswmyslenice.edu.pl\/new\/wp-content\/uploads\/2024\/09\/ce56fb09-8528-483e-8e5d-add2b4c3ffdd.jpg 1000w, https:\/\/soswmyslenice.edu.pl\/new\/wp-content\/uploads\/2024\/09\/ce56fb09-8528-483e-8e5d-add2b4c3ffdd-300x225.jpg 300w, https:\/\/soswmyslenice.edu.pl\/new\/wp-content\/uploads\/2024\/09\/ce56fb09-8528-483e-8e5d-add2b4c3ffdd-768x576.jpg 768w\" sizes=\"auto, (max-width: 1000px) 100vw, 1000px\" \/><\/figure>\n\n\n\n<figure class=\"wp-block-image size-large\"><img loading=\"lazy\" decoding=\"async\" width=\"1000\" height=\"750\" data-id=\"3550\" src=\"https:\/\/soswmyslenice.edu.pl\/new\/wp-content\/uploads\/2024\/09\/7008447d-57c1-45d4-8282-29c8649f2930.jpg\" alt=\"Uczniowie podczas zaj\u0119\u0107 z wykorzystaniem robota Photon\" class=\"wp-image-3550\" srcset=\"https:\/\/soswmyslenice.edu.pl\/new\/wp-content\/uploads\/2024\/09\/7008447d-57c1-45d4-8282-29c8649f2930.jpg 1000w, https:\/\/soswmyslenice.edu.pl\/new\/wp-content\/uploads\/2024\/09\/7008447d-57c1-45d4-8282-29c8649f2930-300x225.jpg 300w, https:\/\/soswmyslenice.edu.pl\/new\/wp-content\/uploads\/2024\/09\/7008447d-57c1-45d4-8282-29c8649f2930-768x576.jpg 768w\" sizes=\"auto, (max-width: 1000px) 100vw, 1000px\" \/><\/figure>\n\n\n\n<figure class=\"wp-block-image size-large\"><img loading=\"lazy\" decoding=\"async\" width=\"1000\" height=\"749\" data-id=\"3553\" src=\"https:\/\/soswmyslenice.edu.pl\/new\/wp-content\/uploads\/2024\/09\/fe5b95ae-546b-42ac-89cd-c291407443dc.jpg\" alt=\"Zaj\u0119cia rewaliacyjne z wykorzystaniem programu mTalent\" class=\"wp-image-3553\" srcset=\"https:\/\/soswmyslenice.edu.pl\/new\/wp-content\/uploads\/2024\/09\/fe5b95ae-546b-42ac-89cd-c291407443dc.jpg 1000w, https:\/\/soswmyslenice.edu.pl\/new\/wp-content\/uploads\/2024\/09\/fe5b95ae-546b-42ac-89cd-c291407443dc-300x225.jpg 300w, https:\/\/soswmyslenice.edu.pl\/new\/wp-content\/uploads\/2024\/09\/fe5b95ae-546b-42ac-89cd-c291407443dc-768x575.jpg 768w\" sizes=\"auto, (max-width: 1000px) 100vw, 1000px\" \/><\/figure>\n<\/figure>\n\n\n\n<p>Wykorzystanie na zaj\u0119ciach nowoczesnych program\u00f3w terapeutycznych zapewni\u0142o uczniom wysok\u0105 jako\u015b\u0107 kszta\u0142cenia, adekwatn\u0105 do indywidualnych potrzeb. Umo\u017cliwi\u0142o r\u00f3wnie\u017c wyr\u00f3wnywanie szans edukacyjnych dzieci z niepe\u0142nosprawno\u015bciami i trudno\u015bciami w nauce oraz przygotowanie ich do&nbsp; funkcjonowania                w spo\u0142ecze\u0144stwie. Sprz\u0119t zakupiony w ramach programu wykorzystywany by\u0142 w pracy z uczniami w ramach realizacji tre\u015bci programowych podczas obowi\u0105zkowych zaj\u0119\u0107 edukacyjnych min. na lekcjach: z edukacji wczesnoszkolnej, informatyki, zaj\u0119ciach kreatywnych oraz zaj\u0119\u0107 rewalidacyjnych &#8211; w wymiarze minimum        5 godzin w tygodniu. Wszystkie zaj\u0119cia z wykorzystaniem TIK zosta\u0142y odnotowane w dziennikach lekcyjnych      i rewalidacyjnych.<\/p>\n\n\n\n<p>Udzia\u0142 w programie wp\u0142ywa\u0142 r\u00f3wnie\u017c na podniesienie kompetencji w zakresie wykorzystania TIK w\u015br\u00f3d kadry O\u015brodka. W I i II semestrze 2023\/2024 nauczyciele poszerzali swoje umiej\u0119tno\u015bci z zakresu obs\u0142ugi zakupionego sprz\u0119tu oraz prowadzenia zaj\u0119\u0107 z wykorzystaniem wyposa\u017cenia Aktywna Tablica poprzez uczestnictwo w webinariach, by\u0142y to m.in.:<\/p>\n\n\n\n<ul class=\"wp-block-list\"><li><strong>\u201eZmiany w rozporz\u0105dzeniu Aktywna Tablica 2023 i jak na nie odpowiedzie\u0107\u201d<\/strong><\/li><li><strong>\u201eUsprawnianie zaburzonych obszar\u00f3w i funkcji poznawczych z wykorzystaniem TIK\u201d<\/strong><\/li><li><strong>\u201eNarz\u0119dzia TIK wspieraj\u0105ce kreatywno\u015b\u0107 i koncentracj\u0119\u201d oraz szkole\u0144 dedykowanych u\u017cycia program\u00f3w multimedialnych mTalent.<\/strong><\/li><\/ul>\n\n\n\n<p>W O\u015brodku odby\u0142o si\u0119 r\u00f3wnie\u017c szkolenie zespo\u0142u nauczycieli&nbsp;w zakresie obs\u0142ugi i stosowana pod\u0142ogi interaktywnej FunFloor z oprogramowaniem wspomagaj\u0105cym, przeprowadzone przez specjalist\u0119 (grudzie\u0144 2023). W ramach szkoleniowej Rady Pedagogicznej zosta\u0142o r\u00f3wnie\u017c przeprowadzone szkolenie <em>Rozwijanie umiej\u0119tno\u015bci uczni\u00f3w i nauczycieli z wykorzystaniem sprz\u0119tu w ramach programu \u201eAktywna Tablica\u201d (luty 2024).<\/em><\/p>\n\n\n\n<p>W czasie wdra\u017cania w SOSW programu \u201eAktywna Tablica\u201d zorganizowano w szkole r\u00f3wnie\u017c lekcje otwarte z wykorzystaniem TIK w nauczaniu; by\u0142y to zaj\u0119cia realizowane podczas Dni Otwartych O\u015brodka (III 2024), Obchod\u00f3w Dnia Bezpiecznego Internetu (II 2024) w klasach m\u0142odszych oraz Dniu Nowych technologii (V 2024). Lekcje oparte na wykorzystaniu sprz\u0119tu TIK przygotowuj\u0105 uczni\u00f3w do \u017cycia w erze technologii informacyjno-komunikacyjnych, rozwijaj\u0105c kluczowe kompetencje niezb\u0119dne do funkcjonowania w spo\u0142ecze\u0144stwie opartym na informacji.<\/p>\n\n\n\n<figure class=\"wp-block-gallery has-nested-images columns-default is-cropped wp-block-gallery-4 is-layout-flex wp-block-gallery-is-layout-flex\">\n<figure class=\"wp-block-image size-large\"><img loading=\"lazy\" decoding=\"async\" width=\"750\" height=\"1000\" data-id=\"3558\" src=\"https:\/\/soswmyslenice.edu.pl\/new\/wp-content\/uploads\/2024\/09\/96acb513-1852-4b1c-b517-f1000514917f.jpg\" alt=\"Ucze\u0144 korzysta z tableta podczas zaj\u0119\u0107 TIK.\" class=\"wp-image-3558\" srcset=\"https:\/\/soswmyslenice.edu.pl\/new\/wp-content\/uploads\/2024\/09\/96acb513-1852-4b1c-b517-f1000514917f.jpg 750w, https:\/\/soswmyslenice.edu.pl\/new\/wp-content\/uploads\/2024\/09\/96acb513-1852-4b1c-b517-f1000514917f-225x300.jpg 225w\" sizes=\"auto, (max-width: 750px) 100vw, 750px\" \/><\/figure>\n\n\n\n<figure class=\"wp-block-image size-large\"><img loading=\"lazy\" decoding=\"async\" width=\"750\" height=\"1000\" data-id=\"3557\" src=\"https:\/\/soswmyslenice.edu.pl\/new\/wp-content\/uploads\/2024\/09\/9f7e167f-59f4-4dc6-85f7-9cb4af27d986.jpg\" alt=\"Ucze\u0144 korzysta z tableta podczas zaj\u0119\u0107 TIK.\" class=\"wp-image-3557\" srcset=\"https:\/\/soswmyslenice.edu.pl\/new\/wp-content\/uploads\/2024\/09\/9f7e167f-59f4-4dc6-85f7-9cb4af27d986.jpg 750w, https:\/\/soswmyslenice.edu.pl\/new\/wp-content\/uploads\/2024\/09\/9f7e167f-59f4-4dc6-85f7-9cb4af27d986-225x300.jpg 225w\" sizes=\"auto, (max-width: 750px) 100vw, 750px\" \/><\/figure>\n\n\n\n<figure class=\"wp-block-image size-large\"><img loading=\"lazy\" decoding=\"async\" width=\"750\" height=\"1000\" data-id=\"3554\" src=\"https:\/\/soswmyslenice.edu.pl\/new\/wp-content\/uploads\/2024\/09\/3c92c6fa-6592-4723-b7d9-726d519c7b22.jpg\" alt=\"Ucze\u0144 korzysta z tableta podczas zaj\u0119\u0107 TIK.\" class=\"wp-image-3554\" srcset=\"https:\/\/soswmyslenice.edu.pl\/new\/wp-content\/uploads\/2024\/09\/3c92c6fa-6592-4723-b7d9-726d519c7b22.jpg 750w, https:\/\/soswmyslenice.edu.pl\/new\/wp-content\/uploads\/2024\/09\/3c92c6fa-6592-4723-b7d9-726d519c7b22-225x300.jpg 225w\" sizes=\"auto, (max-width: 750px) 100vw, 750px\" \/><\/figure>\n<\/figure>\n\n\n\n<figure class=\"wp-block-gallery has-nested-images columns-default is-cropped wp-block-gallery-5 is-layout-flex wp-block-gallery-is-layout-flex\">\n<figure class=\"wp-block-image size-large\"><img loading=\"lazy\" decoding=\"async\" width=\"750\" height=\"1000\" data-id=\"3560\" src=\"https:\/\/soswmyslenice.edu.pl\/new\/wp-content\/uploads\/2024\/09\/dd792765-d3b5-427c-98e5-240a36a0dbb7.jpg\" alt=\"Uczennica korzysta na zaj\u0119ciach z pod\u0142ogi FunFloor\" class=\"wp-image-3560\" srcset=\"https:\/\/soswmyslenice.edu.pl\/new\/wp-content\/uploads\/2024\/09\/dd792765-d3b5-427c-98e5-240a36a0dbb7.jpg 750w, https:\/\/soswmyslenice.edu.pl\/new\/wp-content\/uploads\/2024\/09\/dd792765-d3b5-427c-98e5-240a36a0dbb7-225x300.jpg 225w\" sizes=\"auto, (max-width: 750px) 100vw, 750px\" \/><\/figure>\n\n\n\n<figure class=\"wp-block-image size-large\"><img loading=\"lazy\" decoding=\"async\" width=\"750\" height=\"1000\" data-id=\"3562\" src=\"https:\/\/soswmyslenice.edu.pl\/new\/wp-content\/uploads\/2024\/09\/fd0e1b09-cc93-48ef-956f-223bee0be24f-1.jpg\" alt=\"Uczennica na zaj\u0119ciach korzysta z pod\u0142ogi FunFloor\" class=\"wp-image-3562\" srcset=\"https:\/\/soswmyslenice.edu.pl\/new\/wp-content\/uploads\/2024\/09\/fd0e1b09-cc93-48ef-956f-223bee0be24f-1.jpg 750w, https:\/\/soswmyslenice.edu.pl\/new\/wp-content\/uploads\/2024\/09\/fd0e1b09-cc93-48ef-956f-223bee0be24f-1-225x300.jpg 225w\" sizes=\"auto, (max-width: 750px) 100vw, 750px\" \/><\/figure>\n\n\n\n<figure class=\"wp-block-image size-large\"><img loading=\"lazy\" decoding=\"async\" width=\"750\" height=\"1000\" data-id=\"3561\" src=\"https:\/\/soswmyslenice.edu.pl\/new\/wp-content\/uploads\/2024\/09\/f18ada5b-5308-4447-8d7f-7845ca12c34f.jpg\" alt=\"Ucze\u0144 na zaj\u0119ciach z robotem Photon\" class=\"wp-image-3561\" srcset=\"https:\/\/soswmyslenice.edu.pl\/new\/wp-content\/uploads\/2024\/09\/f18ada5b-5308-4447-8d7f-7845ca12c34f.jpg 750w, https:\/\/soswmyslenice.edu.pl\/new\/wp-content\/uploads\/2024\/09\/f18ada5b-5308-4447-8d7f-7845ca12c34f-225x300.jpg 225w\" sizes=\"auto, (max-width: 750px) 100vw, 750px\" \/><\/figure>\n<\/figure>\n\n\n\n<hr class=\"wp-block-separator\"\/>\n","protected":false},"excerpt":{"rendered":"<p>TIK w szkole O PROGRAMIE:W roku szkolnym 2023\/2024 Nasz O\u015brodek uczestniczy w rz\u0105dowym programie \u201eAktywna Tablica&#8221;. G\u0142\u00f3wnym celem programu jest wyposa\u017cenie szk\u00f3\u0142 w nowoczesne \u015brodki&hellip;<\/p>\n","protected":false},"author":3,"featured_media":0,"parent":0,"menu_order":0,"comment_status":"closed","ping_status":"closed","template":"","meta":{"footnotes":""},"class_list":["post-3018","page","type-page","status-publish","hentry"],"_links":{"self":[{"href":"https:\/\/soswmyslenice.edu.pl\/new\/index.php\/wp-json\/wp\/v2\/pages\/3018","targetHints":{"allow":["GET"]}}],"collection":[{"href":"https:\/\/soswmyslenice.edu.pl\/new\/index.php\/wp-json\/wp\/v2\/pages"}],"about":[{"href":"https:\/\/soswmyslenice.edu.pl\/new\/index.php\/wp-json\/wp\/v2\/types\/page"}],"author":[{"embeddable":true,"href":"https:\/\/soswmyslenice.edu.pl\/new\/index.php\/wp-json\/wp\/v2\/users\/3"}],"replies":[{"embeddable":true,"href":"https:\/\/soswmyslenice.edu.pl\/new\/index.php\/wp-json\/wp\/v2\/comments?post=3018"}],"version-history":[{"count":12,"href":"https:\/\/soswmyslenice.edu.pl\/new\/index.php\/wp-json\/wp\/v2\/pages\/3018\/revisions"}],"predecessor-version":[{"id":3885,"href":"https:\/\/soswmyslenice.edu.pl\/new\/index.php\/wp-json\/wp\/v2\/pages\/3018\/revisions\/3885"}],"wp:attachment":[{"href":"https:\/\/soswmyslenice.edu.pl\/new\/index.php\/wp-json\/wp\/v2\/media?parent=3018"}],"curies":[{"name":"wp","href":"https:\/\/api.w.org\/{rel}","templated":true}]}}