{"id":39,"date":"2018-11-17T10:52:49","date_gmt":"2018-11-17T09:52:49","guid":{"rendered":"http:\/\/soswmyslenice.edu.pl\/new\/?page_id=39"},"modified":"2018-12-20T09:24:44","modified_gmt":"2018-12-20T08:24:44","slug":"biblioteka","status":"publish","type":"page","link":"https:\/\/soswmyslenice.edu.pl\/new\/index.php\/osrodek\/biblioteka\/","title":{"rendered":"Biblioteka"},"content":{"rendered":"<div class=\"wpb-content-wrapper\"><p>[vc_row][vc_column][vc_separator color=&#8221;mulled_wine&#8221;][\/vc_column][\/vc_row][vc_row][vc_column width=&#8221;1\/2&#8243;][vc_column_text]<\/p>\n<h1><\/h1>\n<h1 style=\"text-align: center;\"><strong>Biblioteka szkolna<\/strong><\/h1>\n<p>[\/vc_column_text][\/vc_column][vc_column width=&#8221;1\/2&#8243;][vc_single_image image=&#8221;633&#8243; img_size=&#8221;900&#215;300&#8243; alignment=&#8221;center&#8221;][\/vc_column][\/vc_row][vc_row][vc_column][vc_separator color=&#8221;mulled_wine&#8221; style=&#8221;shadow&#8221; el_width=&#8221;90&#8243;][\/vc_column][\/vc_row][vc_row][vc_column][vc_column_text]<\/p>\n<p style=\"text-align: center;\"><b><span class=\"wysiwyg-font-size-small\">Dzia\u0142alno\u015b\u0107 biblioteki szkolnej\u00a0<\/span><\/b><\/p>\n<p style=\"text-align: center;\"><b><span class=\"wysiwyg-font-size-small\">Podczas ferii zimowych biblioteka b\u0119dzie czynna w czwartki od 10 &#8211; 12. <\/span><\/b><\/p>\n<p style=\"text-align: center;\"><b><span class=\"wysiwyg-font-size-small\">Serdecznie zapraszamy\u00a0<\/span><\/b><\/p>\n<p>[\/vc_column_text][\/vc_column][\/vc_row][vc_row][vc_column][vc_separator color=&#8221;mulled_wine&#8221; style=&#8221;shadow&#8221; el_width=&#8221;90&#8243;][\/vc_column][\/vc_row][vc_row][vc_column][vc_column_text]<\/p>\n<div id=\"page-zones__main-widgets__5a65c7e0319fa\" class=\"widget content\" data-uniqueid=\"KnDIMilSegqqkCa\" data-parentuniqueid=\"UmzY8ejluSXUSxi\">\n<div class=\"bk-content-text js-text-content wysihtml-editor-content\"><\/div>\n<\/div>\n<h4 id=\"page-zones__main-widgets__5a8469446c851\" class=\"widget line\" style=\"text-align: center;\" data-uniqueid=\"8yRNFxGD5769QBW\" data-parentuniqueid=\"UmzY8ejluSXUSxi\"><b style=\"line-height: 1.618;\"><span class=\"wysiwyg-font-size-small\">Realizacja Narodowego Programu Czytelnictwa w roku szkolnym 2017\/2018<\/span><\/b><\/h4>\n<div id=\"page-zones__main-widgets__5a84693edf4b8\" class=\"widget content\" data-uniqueid=\"kqvPCpF6qtuVAVX\" data-parentuniqueid=\"UmzY8ejluSXUSxi\">\n<div class=\"bk-content-text js-text-content wysihtml-editor-content\">\n<p>&nbsp;<\/p>\n<p><em><b style=\"line-height: 1.618;\">I. Wydarzenia promuj\u0105ce czytelnictwo z udzia\u0142em uczni\u00f3w:<\/b><\/em><\/p>\n<p><strong style=\"color: #373737; line-height: 1.618;\">1. Konkurs Wiedzy i Pi\u0119knego Czytania &#8211; \u201eJanusz Korczak przyjaciel dzieci\u201d.<\/strong><\/p>\n<\/div>\n<\/div>\n<div id=\"page-zones__main-widgets__5a8469618232c\" class=\"widget content\" data-uniqueid=\"gNP0cHEf7qid7Pi\" data-parentuniqueid=\"UmzY8ejluSXUSxi\">\n<div class=\"bk-content-text js-text-content wysihtml-editor-content\">\n<h5 style=\"text-align: justify;\">23 listopada 2017 roku odby\u0142 si\u0119 szkolny konkurs \u201ePi\u0119knego czytania\u201d oraz wiedzy o Januszu Korczaku. Celem konkursu by\u0142o przybli\u017cenie postaci i tw\u00f3rczo\u015bci Janusza Korczaka. Uczniowie wzi\u0119li udzia\u0142 w przygotowaniu i przedstawieniu prezentacji multimedialnej, kt\u00f3rej uwa\u017cne wys\u0142uchanie umo\u017cliwi\u0142o poprawne udzielenie odpowiedzi na pytania konkursowe.\u00a0 Jednym z etap\u00f3w konkursu by\u0142o przygotowanie gazetek tematycznych dotycz\u0105cych postaci Janusza Korczaka. Nasi uczniowie wykazali si\u0119 tutaj du\u017c\u0105 pomys\u0142owo\u015bci\u0105 i zaanga\u017cowaniem.<\/h5>\n<\/div>\n<\/div>\n<div id=\"page-zones__main-widgets__5a84698b575bf\" class=\"widget content\" data-uniqueid=\"lQAa8lzX4YNkC3X\" data-parentuniqueid=\"UmzY8ejluSXUSxi\">\n<div class=\"bk-content-text js-text-content wysihtml-editor-content\">\n<h5 style=\"text-align: justify;\"><strong>2. Nagrodzenie najlepszych czytelnik\u00f3w SOSW<\/strong><\/h5>\n<h5 style=\"text-align: justify;\">W grudniu zosta\u0142 rozstrzygni\u0119ty konkurs na najaktywniejszego czytelnika. Wy\u0142oniono dw\u00f3ch laureat\u00f3w konkursu. Najlepszym czytelnikiem naszego O\u015brodka zosta\u0142 Patryk Dudzik ucze\u0144 V klasy szko\u0142y podstawowej. Najaktywniejszym czytelnikiem zosta\u0142a Monika Spyrka uczennica tej samej klasy. Laureatom serdecznie gratulujemy.<\/h5>\n<\/div>\n<\/div>\n<div id=\"page-zones__main-widgets__5a846a2334119\" class=\"widget content\" data-uniqueid=\"YWxD8mvSZxmeDrp\" data-parentuniqueid=\"UmzY8ejluSXUSxi\">\n<div class=\"bk-content-text js-text-content wysihtml-editor-content\">\n<h5 style=\"text-align: justify;\"><strong>3. K\u0105ciki czytelnicze w \u015bwietlicy szkolnej<\/strong><br \/>\nJednym z pomys\u0142\u00f3w realizowanych w ramach Programu by\u0142o za\u0142o\u017cenie k\u0105cika czytelniczego w \u015bwietlicy szkolnej. Dzieci maj\u0105 do dyspozycji p\u00f3\u0142k\u0119 z ksi\u0105\u017ckami o r\u00f3\u017cnej tematyce.\u00a0Inn\u0105 propozycj\u0105 skierowan\u0105 do uczni\u00f3w przebywaj\u0105cych na \u015bwietlicy jest g\u0142o\u015bne czytanie bajek terapeutycznych \u00a0oraz s\u0142uchanie \u00a0s\u0142uchanie \u00a0audiobook\u00f3w.<\/h5>\n<\/div>\n<\/div>\n<div id=\"page-zones__main-widgets__5a846a978f179\" class=\"widget content\" data-uniqueid=\"AYhqmrbB1LSoZEE\" data-parentuniqueid=\"UmzY8ejluSXUSxi\">\n<div class=\"bk-content-text js-text-content wysihtml-editor-content\">\n<p>&nbsp;<\/p>\n<p style=\"text-align: justify;\"><em><b>II.<\/b>\u00a0<b>Zorganizowane spotkania z rodzicami uwzgl\u0119dniaj\u0105ce tematyk\u0119 wp\u0142ywu czytania na rozw\u00f3j dzieci i m\u0142odzie\u017cy.<\/b><\/em><\/p>\n<h5 style=\"text-align: justify;\">W trakcie trwania Programu zorganizowano spotkanie z rodzicami na temat: \u201e Wp\u0142yw czytelnictwa na rozw\u00f3j dzieci i m\u0142odzie\u017cy\u201d. Przygotowano prezentacje multimedialn\u0105 na w\/w temat. Podczas spotkania rozdano rodzicom broszury informuj\u0105ce o nowo\u015bciach zakupionych do biblioteki.<\/h5>\n<\/div>\n<\/div>\n<div id=\"page-zones__main-widgets__5a65c8d35a0fd\" class=\"widget content\" data-uniqueid=\"56AZ8giEHY8jxbZ\" data-parentuniqueid=\"UmzY8ejluSXUSxi\">\n<div class=\"bk-content-text js-text-content wysihtml-editor-content\">\n<p>&nbsp;<\/p>\n<p style=\"text-align: justify;\"><em><b>III. Zrealizowanie projekt\u00f3w edukacyjnych z wykorzystaniem ksi\u0119gozbioru biblioteki szkolnej<\/b><\/em><b><em>\u00a0 \u00a0 \u00a0<\/em> \u00a0 \u00a0 \u00a0 \u00a0 \u00a0<\/b><\/p>\n<h5 style=\"text-align: justify;\">W ramach realizacji Narodowego Programu rozwoju czytelnictwa, zrealizowano projekty edukacyjne w ka\u017cdym oddziale klasowym szko\u0142y podstawowej oraz \u00a03 projekty edukacyjne w grupach internatowych.<\/h5>\n<ul style=\"text-align: justify;\">\n<li>\n<h5>Klasa I i II realizowa\u0142a projekt \u201e Z legend\u0105 za pan brat\u201d. Podczas tego przedsi\u0119wzi\u0119cia uczniowie poznali legendy: O smoku wawelskim, O Lechu, Czechu i Rusie, O Warsie i Sawie, O Szewczyku Dratewce. Kszta\u0142towali umiej\u0119tno\u015b\u0107 czytania jako czynno\u015b\u0107 oraz umiej\u0119tno\u015b\u0107 rozumienia tekstu.<\/h5>\n<\/li>\n<li>\n<h5>Klasa IIIb uczestniczy\u0142a w projekcie \u201e Opowiedz mi prosz\u0119 ba\u015b\u0144, zaczaruj m\u00f3j \u015bwiat jeszcze raz\u201d .Projekt zak\u0142ada\u0142 wszechstronny rozw\u00f3j dziecka, szczeg\u00f3lnie jego postaw czytelniczych, s\u0142uchania i koncentracji.<\/h5>\n<\/li>\n<li>\n<h5>\u00a0Uczniowie klas\u00a0\u00a0IIIa i IV a brali udzia\u0142 w projekcie \u201e Literkowe To i Owo \u2013 Tw\u00f3rczo\u015b\u0107 Wandy Chotomskiej. Podczas realizacji projektu dzieci pozna\u0142y ksi\u0105\u017ck\u0119 \u201e Kram z literkami\u201d. Celem projektu by\u0142o doskonalenie umiej\u0119tno\u015bci s\u0142uchani a ze zrozumieniem, wyrabianie nawyku dbania o ksi\u0105\u017cki. Uczniowie spotkali si\u0119 z dyrektorem Mi\u0119dzyszkolnego O\u015brodka Sportowego mgr Piotrem Magier\u0105, kt\u00f3ry z ch\u0119ci\u0105 czyta\u0142 dzieciom wybrane fragmenty ksi\u0105\u017cki.<\/h5>\n<\/li>\n<li>\n<h5>Klasa IV b realizowa\u0142a projekt \u201eKsi\u0105\u017cki moich rodzic\u00f3w \u2013 W\u015br\u00f3d bohater\u00f3w Akademii Pana Kleksa\u201d W trakcie projektu uczniowie zapoznali si\u0119 z ksi\u0105\u017ck\u0105 i filmem oraz uczyli si\u0119 dokonywania por\u00f3wna\u0144.<\/h5>\n<\/li>\n<li>\n<h5>Klasa V i VI Realizowa\u0142a projekt czytelniczy \u201e Ksi\u0105\u017cka JA i TY\u201d. Uczniowie poznali biografi\u0119 Romana Pisarskiego autora ksi\u0105\u017cki \u201eO psie kt\u00f3ry je\u017adzi\u0142 kolej\u0105. Wykonali ilustracj\u0119 do ksi\u0105\u017cki, poznali kultur\u0119 i tradycj\u0119 W\u0142och\u00f3w.<\/h5>\n<\/li>\n<li>\n<h5>Klasa VII wybra\u0142a do projektu ksi\u0105\u017ck\u0119 Antoine de Saint \u2013 Exupery \u201e Ma\u0142y Ksi\u0105\u017c\u0119\u201d. Wyrabiali nawyki po\u017cytecznego sp\u0119dzania wolnego czasu, doskonalili umiej\u0119tno\u015bci j\u0119zykowe, rozwijali wyobra\u017ani\u0119.<\/h5>\n<\/li>\n<li>\n<h5>Klasa II gimnazjum \u201e Ksi\u0105\u017cki moich rodzic\u00f3w \u2013 Bajki Ignacego Krasickiego \u201eto tytu\u0142 projektu, kt\u00f3rym zaj\u0119li si\u0119 uczniowie tej klasy. G\u0142\u00f3wnym celem projektu by\u0142o promowanie czytelnictwa w\u015br\u00f3d uczni\u00f3w oraz rozwijanie kultury czytania.<\/h5>\n<\/li>\n<li>\n<h5>Klasa III gimnazjum realizowa\u0142a projekt \u201e Bajki i wiersze moich rodzic\u00f3w- zapoznanie z tw\u00f3rczo\u015bci\u0105 Jana Brzechwy i Juliusza Tuwima\u201d. Uczniowie tej klasy stworzyli k\u0105cik wierszy wystawk\u0119 ksi\u0105\u017cek z wierszami autor\u00f3w.<\/h5>\n<\/li>\n<li>\n<h5>Grupa I realizowa\u0142a projekt \u201eKsi\u0105\u017cka moim przyjacielem\u201d. Celem projektu by\u0142o rozbudzanie zainteresowa\u0144 czytelniczych uczni\u00f3w, motywowanie ich do samodzielnego si\u0119gania po ksi\u0105\u017cki, kszta\u0142cenie wra\u017cliwo\u015bci czytelniczej.W ramach projektu uczniowie brali udzia\u0142 w lekcjach bibliotecznych: \u201e Dbam o ksi\u0105\u017cki\u201d,\u201d \u201eNauka korzystania z r\u00f3\u017cnych \u017ar\u00f3de\u0142 informacji\u201d.<\/h5>\n<\/li>\n<li>\n<h5>Grupa II bra\u0142a udzia\u0142 w projekcie \u201e Kto czyta \u017cyje podw\u00f3jnie\u201d. Projekt wprowadza\u0142 uczni\u00f3w w \u015bwiat literatury. W jego ramach uczniowie m.in. brali udzia\u0142 w lekcji bibliotecznej: \u201e Tajemnice naszej szkolnej biblioteki\u201d, oraz konkursach plastycznych m.in. \u201dW \u015bwiecie bajek i legend\u201d.<\/h5>\n<\/li>\n<li>\n<h5>Grupa III realizowa\u0142a projekt \u201e Ksi\u0105\u017cki moich rodzic\u00f3w\u201d. Projekt zak\u0142ada\u0142 zainteresowanie uczni\u00f3w zbiorami biblioteki szkolnej oraz klasyk\u0105 literatury m\u0142odzie\u017cowej polskiej i obcej. Uczniowie zapoznali si\u0119 z dzia\u0142alno\u015bci\u0105 biblioteki szkolnej i publicznej w My\u015blenicach.<\/h5>\n<\/li>\n<\/ul>\n<h5 style=\"text-align: justify;\">W ramach projektu zakupiono do biblioteki 307 tytu\u0142\u00f3w w tym 16 audiobook\u00f3w. Zakupione ksi\u0105\u017cki uwzgl\u0119dniaj\u0105 r\u00f3\u017cnorodne potrzeby niepe\u0142nosprawnych intelektualnie uczni\u00f3w oraz s\u0105 dostosowane do ich mo\u017cliwo\u015bci psychofizyczne.<\/h5>\n<h5 style=\"text-align: justify;\">Godziny pracy biblioteki szkolnej dostosowane s\u0105 do potrzeb uczni\u00f3w. Planowany jest dy\u017cur biblioteki w okresie ferii zimowych i letnich.<\/h5>\n<\/div>\n<\/div>\n<p>[\/vc_column_text][\/vc_column][\/vc_row]<\/p>\n<\/div>","protected":false},"excerpt":{"rendered":"<p>[vc_row][vc_column][vc_separator color=&#8221;mulled_wine&#8221;][\/vc_column][\/vc_row][vc_row][vc_column width=&#8221;1\/2&#8243;][vc_column_text] Biblioteka szkolna [\/vc_column_text][\/vc_column][vc_column width=&#8221;1\/2&#8243;][vc_single_image image=&#8221;633&#8243; img_size=&#8221;900&#215;300&#8243; alignment=&#8221;center&#8221;][\/vc_column][\/vc_row][vc_row][vc_column][vc_separator color=&#8221;mulled_wine&#8221; style=&#8221;shadow&#8221; el_width=&#8221;90&#8243;][\/vc_column][\/vc_row][vc_row][vc_column][vc_column_text] Dzia\u0142alno\u015b\u0107 biblioteki szkolnej\u00a0 Podczas ferii zimowych biblioteka b\u0119dzie czynna w czwartki od&hellip;<\/p>\n","protected":false},"author":2,"featured_media":0,"parent":22,"menu_order":0,"comment_status":"closed","ping_status":"closed","template":"","meta":{"footnotes":""},"class_list":["post-39","page","type-page","status-publish","hentry"],"_links":{"self":[{"href":"https:\/\/soswmyslenice.edu.pl\/new\/index.php\/wp-json\/wp\/v2\/pages\/39","targetHints":{"allow":["GET"]}}],"collection":[{"href":"https:\/\/soswmyslenice.edu.pl\/new\/index.php\/wp-json\/wp\/v2\/pages"}],"about":[{"href":"https:\/\/soswmyslenice.edu.pl\/new\/index.php\/wp-json\/wp\/v2\/types\/page"}],"author":[{"embeddable":true,"href":"https:\/\/soswmyslenice.edu.pl\/new\/index.php\/wp-json\/wp\/v2\/users\/2"}],"replies":[{"embeddable":true,"href":"https:\/\/soswmyslenice.edu.pl\/new\/index.php\/wp-json\/wp\/v2\/comments?post=39"}],"version-history":[{"count":3,"href":"https:\/\/soswmyslenice.edu.pl\/new\/index.php\/wp-json\/wp\/v2\/pages\/39\/revisions"}],"predecessor-version":[{"id":639,"href":"https:\/\/soswmyslenice.edu.pl\/new\/index.php\/wp-json\/wp\/v2\/pages\/39\/revisions\/639"}],"up":[{"embeddable":true,"href":"https:\/\/soswmyslenice.edu.pl\/new\/index.php\/wp-json\/wp\/v2\/pages\/22"}],"wp:attachment":[{"href":"https:\/\/soswmyslenice.edu.pl\/new\/index.php\/wp-json\/wp\/v2\/media?parent=39"}],"curies":[{"name":"wp","href":"https:\/\/api.w.org\/{rel}","templated":true}]}}