{"id":43,"date":"2018-11-17T10:53:59","date_gmt":"2018-11-17T09:53:59","guid":{"rendered":"http:\/\/soswmyslenice.edu.pl\/new\/?page_id=43"},"modified":"2025-03-04T09:12:17","modified_gmt":"2025-03-04T08:12:17","slug":"szkola-podstawowa","status":"publish","type":"page","link":"https:\/\/soswmyslenice.edu.pl\/new\/index.php\/strona-glowna\/oferta-edukacyjna\/szkola-podstawowa\/","title":{"rendered":"Szko\u0142a Podstawowa"},"content":{"rendered":"<div class=\"wpb-content-wrapper\"><p>[vc_row][vc_column][vc_separator color=&#8221;green&#8221; style=&#8221;shadow&#8221; el_width=&#8221;80&#8243;][\/vc_column][\/vc_row][vc_row][vc_column][vc_column_text]<\/p>\n<h4 style=\"text-align: center;\"><strong>Szko\u0142a Podstawowa&nbsp;<\/strong><\/h4>\n<h5 style=\"text-align: justify;\">8 letnia&nbsp;Szko\u0142a Podstawowa&nbsp; przeznaczona jest dla uczni\u00f3w z niepe\u0142nosprawno\u015bci\u0105 intelektualn\u0105 w stopniu lekkim, umiarkowanym i znacznym, autyzmem oraz niepe\u0142nosprawno\u015bci\u0105 sprz\u0119\u017con\u0105.<\/h5>\n<h5 style=\"text-align: justify;\">Szko\u0142a Podstawowa przeznaczona jest dla uczni\u00f3w posiadaj\u0105cych&nbsp;orzeczenie poradni psychologiczno-pedagogicznej o potrzebie kszta\u0142cenia specjalnego.<\/h5>\n<h5 style=\"text-align: justify;\">Zespo\u0142y klasowe licz\u0105&nbsp;od 10 do 16&nbsp;uczni\u00f3w z niepe\u0142nosprawno\u015bci\u0105 intelektualn\u0105 w stopniu lekkim oraz&nbsp;od 6 do 8 os\u00f3b&nbsp;z niepe\u0142nosprawno\u015bci\u0105 w stopniu umiarkowanym i znacznym. Klasy dla uczni\u00f3w z niepe\u0142nosprawno\u015bci\u0105 sprz\u0119\u017con\u0105 w tym autyzmem licz\u0105&nbsp;od 2 do 4&nbsp;uczni\u00f3w.<\/h5>\n<h5 style=\"text-align: justify;\">Uczniowie z niepe\u0142nosprawno\u015bci\u0105 intelektualn\u0105 w stopniu lekkim klasy VIII szko\u0142y podstawowej przyst\u0119puj\u0105 do egzaminu.<\/h5>\n<h5 style=\"text-align: justify;\">Egzamin organizowany jest przez Okr\u0119gow\u0105 Komisj\u0119 Egzaminacyjn\u0105<\/h5>\n<p><\/p>\n\n\n<div class=\"wp-block-columns is-layout-flex wp-container-core-columns-is-layout-9d6595d7 wp-block-columns-is-layout-flex\">\n<div class=\"wp-block-column is-layout-flow wp-block-column-is-layout-flow\">\n<figure class=\"wp-block-gallery has-nested-images columns-default is-cropped wp-block-gallery-1 is-layout-flex wp-block-gallery-is-layout-flex\">\n<figure class=\"wp-block-image size-large\"><img loading=\"lazy\" decoding=\"async\" width=\"2048\" height=\"1153\" data-id=\"3894\" src=\"https:\/\/soswmyslenice.edu.pl\/new\/wp-content\/uploads\/2024\/11\/ef2aa4eb-31a6-416b-9b0a-073390a468c5.jpeg\" alt=\"Ch\u0142opiec z dziewczynk\u0105 siedz\u0105 na dywanie, przed nimi stolik \u015bwiec\u0105cy na niebiesko a w nim piasek. Za nimi ch\u0142opiec uk\u0142adaj\u0105cy cyfry na \u015bwiec\u0105cych, kolorowych okienkach\" class=\"wp-image-3894\" srcset=\"https:\/\/soswmyslenice.edu.pl\/new\/wp-content\/uploads\/2024\/11\/ef2aa4eb-31a6-416b-9b0a-073390a468c5.jpeg 2048w, https:\/\/soswmyslenice.edu.pl\/new\/wp-content\/uploads\/2024\/11\/ef2aa4eb-31a6-416b-9b0a-073390a468c5-300x169.jpeg 300w, https:\/\/soswmyslenice.edu.pl\/new\/wp-content\/uploads\/2024\/11\/ef2aa4eb-31a6-416b-9b0a-073390a468c5-1024x577.jpeg 1024w, https:\/\/soswmyslenice.edu.pl\/new\/wp-content\/uploads\/2024\/11\/ef2aa4eb-31a6-416b-9b0a-073390a468c5-768x432.jpeg 768w, https:\/\/soswmyslenice.edu.pl\/new\/wp-content\/uploads\/2024\/11\/ef2aa4eb-31a6-416b-9b0a-073390a468c5-1536x865.jpeg 1536w\" sizes=\"auto, (max-width: 2048px) 100vw, 2048px\" \/><\/figure>\n<\/figure>\n<\/div>\n\n\n\n<div class=\"wp-block-column is-layout-flow wp-block-column-is-layout-flow\">\n<figure class=\"wp-block-gallery has-nested-images columns-default is-cropped wp-block-gallery-2 is-layout-flex wp-block-gallery-is-layout-flex\">\n<figure class=\"wp-block-image size-large\"><img loading=\"lazy\" decoding=\"async\" width=\"2048\" height=\"1152\" data-id=\"4154\" src=\"https:\/\/soswmyslenice.edu.pl\/new\/wp-content\/uploads\/2025\/03\/5d486035-ad8f-48d8-af6c-dbf51e5c2459.jpg\" alt=\"Nauczycielka siedzi zwr\u00f3cona do uczni\u00f3w, kt\u00f3rzy siedz\u0105 w \u0142awkach. Za nimi 2 bia\u0142e tablice .\" class=\"wp-image-4154\" srcset=\"https:\/\/soswmyslenice.edu.pl\/new\/wp-content\/uploads\/2025\/03\/5d486035-ad8f-48d8-af6c-dbf51e5c2459.jpg 2048w, https:\/\/soswmyslenice.edu.pl\/new\/wp-content\/uploads\/2025\/03\/5d486035-ad8f-48d8-af6c-dbf51e5c2459-300x169.jpg 300w, https:\/\/soswmyslenice.edu.pl\/new\/wp-content\/uploads\/2025\/03\/5d486035-ad8f-48d8-af6c-dbf51e5c2459-1024x576.jpg 1024w, https:\/\/soswmyslenice.edu.pl\/new\/wp-content\/uploads\/2025\/03\/5d486035-ad8f-48d8-af6c-dbf51e5c2459-768x432.jpg 768w, https:\/\/soswmyslenice.edu.pl\/new\/wp-content\/uploads\/2025\/03\/5d486035-ad8f-48d8-af6c-dbf51e5c2459-1536x864.jpg 1536w\" sizes=\"auto, (max-width: 2048px) 100vw, 2048px\" \/><\/figure>\n<\/figure>\n<\/div>\n<\/div>\n\n\n\n<p>[\/vc_row][vc_row][vc_column][vc_separator color=&#8221;green&#8221; style=&#8221;shadow&#8221; el_width=&#8221;90&#8243;][\/vc_column][\/vc_row]<\/p>\n<\/div>","protected":false},"excerpt":{"rendered":"<p>[vc_row][vc_column][vc_separator color=&#8221;green&#8221; style=&#8221;shadow&#8221; el_width=&#8221;80&#8243;][\/vc_column][\/vc_row][vc_row][vc_column][vc_column_text] Szko\u0142a Podstawowa&nbsp; 8 letnia&nbsp;Szko\u0142a Podstawowa&nbsp; przeznaczona jest dla uczni\u00f3w z niepe\u0142nosprawno\u015bci\u0105 intelektualn\u0105 w stopniu lekkim, umiarkowanym i znacznym, autyzmem oraz niepe\u0142nosprawno\u015bci\u0105&hellip;<\/p>\n","protected":false},"author":2,"featured_media":0,"parent":41,"menu_order":0,"comment_status":"closed","ping_status":"closed","template":"","meta":{"footnotes":""},"class_list":["post-43","page","type-page","status-publish","hentry"],"_links":{"self":[{"href":"https:\/\/soswmyslenice.edu.pl\/new\/index.php\/wp-json\/wp\/v2\/pages\/43","targetHints":{"allow":["GET"]}}],"collection":[{"href":"https:\/\/soswmyslenice.edu.pl\/new\/index.php\/wp-json\/wp\/v2\/pages"}],"about":[{"href":"https:\/\/soswmyslenice.edu.pl\/new\/index.php\/wp-json\/wp\/v2\/types\/page"}],"author":[{"embeddable":true,"href":"https:\/\/soswmyslenice.edu.pl\/new\/index.php\/wp-json\/wp\/v2\/users\/2"}],"replies":[{"embeddable":true,"href":"https:\/\/soswmyslenice.edu.pl\/new\/index.php\/wp-json\/wp\/v2\/comments?post=43"}],"version-history":[{"count":11,"href":"https:\/\/soswmyslenice.edu.pl\/new\/index.php\/wp-json\/wp\/v2\/pages\/43\/revisions"}],"predecessor-version":[{"id":4156,"href":"https:\/\/soswmyslenice.edu.pl\/new\/index.php\/wp-json\/wp\/v2\/pages\/43\/revisions\/4156"}],"up":[{"embeddable":true,"href":"https:\/\/soswmyslenice.edu.pl\/new\/index.php\/wp-json\/wp\/v2\/pages\/41"}],"wp:attachment":[{"href":"https:\/\/soswmyslenice.edu.pl\/new\/index.php\/wp-json\/wp\/v2\/media?parent=43"}],"curies":[{"name":"wp","href":"https:\/\/api.w.org\/{rel}","templated":true}]}}