{"id":4559,"date":"2025-09-19T10:41:28","date_gmt":"2025-09-19T08:41:28","guid":{"rendered":"https:\/\/soswmyslenice.edu.pl\/new\/?page_id=4559"},"modified":"2025-09-19T11:09:28","modified_gmt":"2025-09-19T09:09:28","slug":"rada-rodzicow","status":"publish","type":"page","link":"https:\/\/soswmyslenice.edu.pl\/new\/index.php\/rada-rodzicow\/","title":{"rendered":"Rada Rodzic\u00f3w"},"content":{"rendered":"\n<p>Aktualno\u015bci Rady Rodzic\u00f3w<\/p>\n\n\n\n<p>Szanowni Pa\u0144stwo,<br>Rada Rodzic\u00f3w aktywnie wspiera \u017cycie naszej szko\u0142y \u2013 organizujemy wydarzenia, pomagamy w realizacji projekt\u00f3w i dbamy o potrzeby uczni\u00f3w. Zach\u0119camy do wsp\u00f3\u0142pracy oraz \u015bledzenia naszych komunikat\u00f3w na stronie.<\/p>\n\n\n\n<p>Razem mo\u017cemy zrobi\u0107 wi\u0119cej!<\/p>\n\n\n\n<p><\/p>\n\n\n\n<p>Poni\u017cej\u00a0 podajemy\u00a0 nr\u00a0 naszego\u00a0 konta\u00a0 (w\u00a0 tytule\u00a0 przelewu\u00a0 prosimy\u00a0 podawa\u0107\u00a0 imi\u0119\u00a0 i\u00a0 nazwisko\u00a0 ucznia\u00a0 i\u00a0 klas\u0119):<\/p>\n\n\n\n<p>Bank Sp\u00f3\u0142dzielczy Oddzia\u0142 w My\u015blenicach <\/p>\n\n\n\n<p>49 8619 0006 0021 0883 3332 0002<\/p>\n\n\n\n<p><em>Z&nbsp; powa\u017caniem &#8211; przewodnicz\u0105ca&nbsp; Rady&nbsp; Rodzic\u00f3w &#8211; Renata Gro\u0144<\/em><\/p>\n","protected":false},"excerpt":{"rendered":"<p>Aktualno\u015bci Rady Rodzic\u00f3w Szanowni Pa\u0144stwo,Rada Rodzic\u00f3w aktywnie wspiera \u017cycie naszej szko\u0142y \u2013 organizujemy wydarzenia, pomagamy w realizacji projekt\u00f3w i dbamy o potrzeby uczni\u00f3w. Zach\u0119camy do&hellip;<\/p>\n","protected":false},"author":3,"featured_media":0,"parent":0,"menu_order":0,"comment_status":"closed","ping_status":"closed","template":"","meta":{"footnotes":""},"class_list":["post-4559","page","type-page","status-publish","hentry"],"_links":{"self":[{"href":"https:\/\/soswmyslenice.edu.pl\/new\/index.php\/wp-json\/wp\/v2\/pages\/4559","targetHints":{"allow":["GET"]}}],"collection":[{"href":"https:\/\/soswmyslenice.edu.pl\/new\/index.php\/wp-json\/wp\/v2\/pages"}],"about":[{"href":"https:\/\/soswmyslenice.edu.pl\/new\/index.php\/wp-json\/wp\/v2\/types\/page"}],"author":[{"embeddable":true,"href":"https:\/\/soswmyslenice.edu.pl\/new\/index.php\/wp-json\/wp\/v2\/users\/3"}],"replies":[{"embeddable":true,"href":"https:\/\/soswmyslenice.edu.pl\/new\/index.php\/wp-json\/wp\/v2\/comments?post=4559"}],"version-history":[{"count":3,"href":"https:\/\/soswmyslenice.edu.pl\/new\/index.php\/wp-json\/wp\/v2\/pages\/4559\/revisions"}],"predecessor-version":[{"id":4565,"href":"https:\/\/soswmyslenice.edu.pl\/new\/index.php\/wp-json\/wp\/v2\/pages\/4559\/revisions\/4565"}],"wp:attachment":[{"href":"https:\/\/soswmyslenice.edu.pl\/new\/index.php\/wp-json\/wp\/v2\/media?parent=4559"}],"curies":[{"name":"wp","href":"https:\/\/api.w.org\/{rel}","templated":true}]}}