{"id":4669,"date":"2025-10-31T14:29:17","date_gmt":"2025-10-31T13:29:17","guid":{"rendered":"https:\/\/soswmyslenice.edu.pl\/new\/?page_id=4669"},"modified":"2026-03-27T13:01:13","modified_gmt":"2026-03-27T12:01:13","slug":"jadlospis","status":"publish","type":"page","link":"https:\/\/soswmyslenice.edu.pl\/new\/index.php\/jadlospis\/","title":{"rendered":"Jad\u0142ospis"},"content":{"rendered":"\n<p><strong>JAD\u0141OSPIS<\/strong><\/p>\n\n\n\n<figure class=\"wp-block-table\"><table class=\"has-fixed-layout\"><tbody><tr><td><strong>Data<\/strong><strong><\/strong><\/td><td><strong>I \u015bniadanie<\/strong><strong><\/strong><\/td><td><strong>II \u015bniadanie<\/strong><strong><\/strong><\/td><td><strong>Obiad<\/strong><strong><\/strong><\/td><td><strong>Kolacja<\/strong><strong><\/strong><\/td><\/tr><tr><td><strong>Poniedzia\u0142ek 30.03.2026 r.<\/strong><strong><\/strong><\/td><td>Chleb, pasztet drobiowy, og\u00f3rek, herbata &nbsp; 1 &nbsp;<\/td><td>Bu\u0142ka z mas\u0142em i&nbsp; serem \u017c\u00f3\u0142tym herbata, banan &nbsp; 1,5 &nbsp;<\/td><td>Zupa pomidorowa z makaronem, kotlet schabowy, ziemniaki, kapusta kiszona gotowana, kompot 1,2,5,6<\/td><td>Chleb, kie\u0142basa z pieca, ketchup,&nbsp; herbata &nbsp; 1 &nbsp;<\/td><\/tr><tr><td><strong>Wtorek<\/strong> <strong>31.03.2026 r.<\/strong><strong><\/strong><\/td><td>Chleb, jajecznica na ma\u015ble, pomidor, herbata 1,2,5 &nbsp;<\/td><td>Bu\u0142ka z w\u0119dlin\u0105 i pomidorem, herbata &nbsp; 1<\/td><td>Barszcz bia\u0142y z ziemniakami, go\u0142\u0105bki w sosie pomidorowym, kompot 1,5,6<\/td><td>Ry\u017c z jab\u0142kami, herbata, jogurt pitny, herbata &nbsp; 1,2,5 &nbsp;<\/td><\/tr><tr><td><strong>\u015aroda<\/strong> <strong>01.04.2026 r.<\/strong><strong><\/strong><\/td><td>Chleb,&nbsp; mas\u0142o, d\u017cem, kakao &nbsp; 1,5<\/td><td>Bu\u0142ka z pasztetem pieczonym i og\u00f3rkiem, babka piaskowa, herbata &nbsp; 1<\/td><td>Zupa broku\u0142owa z ziemniakami, pulpety drobiowe z pieca w sosie koperkowym, ry\u017c pra\u017cony, sur\u00f3wka z kapusty peki\u0144skiej, kompot 1,2,5,6<\/td><td>&nbsp; &nbsp; &#8212;&#8212;&#8212;&#8212;<\/td><\/tr><\/tbody><\/table><\/figure>\n\n\n\n<p>Alergeny wyst\u0119puj\u0105ce w naszych posi\u0142kach:<\/p>\n\n\n\n<ol class=\"wp-block-list\">\n<li>Zbo\u017ca zawieraj\u0105ce gluten<\/li>\n\n\n\n<li>Jaja i produkty pochodne<\/li>\n\n\n\n<li>Ryby i produkty pochodne<\/li>\n\n\n\n<li>Orzechy<\/li>\n\n\n\n<li>Mleko i produkty pochodne<\/li>\n\n\n\n<li>Seler<\/li>\n<\/ol>\n\n\n\n<p><\/p>\n","protected":false},"excerpt":{"rendered":"<p>JAD\u0141OSPIS Data I \u015bniadanie II \u015bniadanie Obiad Kolacja Poniedzia\u0142ek 30.03.2026 r. Chleb, pasztet drobiowy, og\u00f3rek, herbata &nbsp; 1 &nbsp; Bu\u0142ka z mas\u0142em i&nbsp; serem \u017c\u00f3\u0142tym&hellip;<\/p>\n","protected":false},"author":3,"featured_media":0,"parent":0,"menu_order":0,"comment_status":"closed","ping_status":"closed","template":"","meta":{"footnotes":""},"class_list":["post-4669","page","type-page","status-publish","hentry"],"_links":{"self":[{"href":"https:\/\/soswmyslenice.edu.pl\/new\/index.php\/wp-json\/wp\/v2\/pages\/4669","targetHints":{"allow":["GET"]}}],"collection":[{"href":"https:\/\/soswmyslenice.edu.pl\/new\/index.php\/wp-json\/wp\/v2\/pages"}],"about":[{"href":"https:\/\/soswmyslenice.edu.pl\/new\/index.php\/wp-json\/wp\/v2\/types\/page"}],"author":[{"embeddable":true,"href":"https:\/\/soswmyslenice.edu.pl\/new\/index.php\/wp-json\/wp\/v2\/users\/3"}],"replies":[{"embeddable":true,"href":"https:\/\/soswmyslenice.edu.pl\/new\/index.php\/wp-json\/wp\/v2\/comments?post=4669"}],"version-history":[{"count":20,"href":"https:\/\/soswmyslenice.edu.pl\/new\/index.php\/wp-json\/wp\/v2\/pages\/4669\/revisions"}],"predecessor-version":[{"id":4857,"href":"https:\/\/soswmyslenice.edu.pl\/new\/index.php\/wp-json\/wp\/v2\/pages\/4669\/revisions\/4857"}],"wp:attachment":[{"href":"https:\/\/soswmyslenice.edu.pl\/new\/index.php\/wp-json\/wp\/v2\/media?parent=4669"}],"curies":[{"name":"wp","href":"https:\/\/api.w.org\/{rel}","templated":true}]}}