{"id":51,"date":"2018-11-17T10:57:55","date_gmt":"2018-11-17T09:57:55","guid":{"rendered":"http:\/\/soswmyslenice.edu.pl\/new\/?page_id=51"},"modified":"2026-03-31T09:31:22","modified_gmt":"2026-03-31T07:31:22","slug":"nabor-na-rok-szkolny-2018-2019","status":"publish","type":"page","link":"https:\/\/soswmyslenice.edu.pl\/new\/index.php\/strona-glowna\/oferta-edukacyjna\/nabor-na-rok-szkolny-2018-2019\/","title":{"rendered":"Nab\u00f3r na rok szkolny 2026\/2027"},"content":{"rendered":"<div class=\"wpb-content-wrapper\"><p>[vc_row][vc_column][vc_column_text css=&#8221;&#8221;]<\/p>\r\n<h2>\u00a0<\/h2>\r\n<!-- \/wp:post-content -->\r\n<p><!-- wp:paragraph --><strong>Od 1 LUTEGO 2026 roku trwa nab\u00f3r uczni\u00f3w do wszystkich klas nast\u0119puj\u0105cych typ\u00f3w szk\u00f3\u0142:<\/strong><\/p>\r\n<!-- \/wp:paragraph -->\r\n<p><!-- wp:paragraph --><strong>SZKO\u0141A PODSTAWOWA \u00a0 \u00a0 \u00a0 \u00a0 \u00a0 \u00a0 \u00a0 \u00a0 \u00a0 \u00a0 \u00a0 \u00a0 \u00a0 \u00a0 \u00a0 \u00a0 \u00a0 \u00a0 klasy I &#8211; VIII<\/strong><\/p>\r\n<!-- \/wp:paragraph -->\r\n<p><!-- wp:paragraph --><strong>SZKO\u0141A BRAN\u017bOWA I STOPNIA \u00a0 \u00a0 \u00a0 \u00a0 \u00a0 \u00a0 \u00a0 \u00a0 \u00a0 \u00a0 \u00a0 \u00a0klasy I-III \u00a0(KUCHARZ)<\/strong><\/p>\r\n<!-- \/wp:paragraph -->\r\n<p><!-- wp:paragraph --><strong>SZKO\u0141A\u00a0PRZYSPOSABIAJ\u0104CA\u00a0DO PRACY \u00a0 \u00a0 \u00a0 klasy I-III<\/strong><\/p>\r\n<!-- \/wp:paragraph -->\r\n<p><!-- wp:paragraph --><strong><em>Szko\u0142y przeznaczone s\u0105 dla uczni\u00f3w posiadaj\u0105cych orzeczenie poradni psychologiczno-pedagogicznej o potrzebie kszta\u0142cenia specjalnego.<\/em><\/strong><\/p>\r\n<p><!-- \/wp:paragraph --><strong><em>Uczniowie maj\u0105 mo\u017cliwo\u015b\u0107 zakwaterowania w internacie dzia\u0142aj\u0105cym przy O\u015brodku.<\/em><\/strong><\/p>\r\n<hr \/>\r\n<h4 style=\"text-align: justify;\"><strong>I. SZKO\u0141A PODSTAWOWA SPECJALNA<\/strong><\/h4>\r\n<h5 style=\"text-align: justify;\"><strong><span style=\"color: #000000;\">1.Kryteria przyjmowania uczni\u00f3w do szko\u0142y<\/span><\/strong><\/h5>\r\n<h5 style=\"text-align: justify;\">Uczniowie przyjmowani s\u0105 do szko\u0142y na podstawie aktualnego orzeczenia o potrzebie kszta\u0142cenia specjalnego wydanego przez publiczn\u0105 poradni\u0119 psychologiczno-pedagogiczn\u0105 na etap edukacji w szkole podstawowej ( niepe\u0142nosprawno\u015b\u0107 intelektualna w stopniu lekkim, umiarkowanym, znacznym lub niepe\u0142nosprawno\u015b\u0107 sprz\u0119\u017cona m.in. niepe\u0142nosprawno\u015b\u0107 ruchowa, autyzm).<\/h5>\r\n<h5><strong><span style=\"color: #000000; line-height: 1.618;\">2.Wymagane dokumenty<\/span><\/strong><\/h5>\r\n<h5>\u00a0&#8211; Wniosek rodzic\u00f3w (prawnych opiekun\u00f3w) o przyj\u0119cie dziecka do szko\u0142y.<\/h5>\r\n<h5>\u00a0&#8211; Aktualne orzeczenie Poradni Psychologiczno-Pedagogicznej o potrzebie kszta\u0142cenia specjalnego kwalifikuj\u0105ce do szko\u0142y specjalnej.<\/h5>\r\n<h5>\u00a0&#8211; Karta zdrowia oraz informacje o specjalistycznym leczeniu dziecka.<\/h5>\r\n<h5 style=\"text-align: justify;\">\u00a0&#8211; 2 fotografie<\/h5>\r\n<hr \/>\r\n<h4 style=\"text-align: justify;\"><strong>II. SZKO\u0141A SPECJALNA PRZYSPOSABIAJ\u0104CA DO PRACY<\/strong><\/h4>\r\n<h5 style=\"text-align: justify;\"><strong>1.Kryteria przyjmowania uczni\u00f3w do szko\u0142y<\/strong><\/h5>\r\n<h5 style=\"text-align: justify;\">Uczniowie przyjmowani s\u0105 do szko\u0142y na podstawie aktualnego orzeczenia o potrzebie kszta\u0142cenia specjalnego wydanego przez publiczn\u0105 poradni\u0119 psychologiczno-pedagogiczn\u0105 na etap edukacji w szkole przysposabiaj\u0105cej do pracy (niepe\u0142nosprawno\u015b\u0107 intelektualna w stopniu umiarkowanym, znacznym lub niepe\u0142nosprawno\u015b\u0107 sprz\u0119\u017cona m.in. niepe\u0142nosprawno\u015b\u0107 ruchowa, autyzm).<br \/>Do szko\u0142y przyjmowani s\u0105 kandydaci posiadaj\u0105cy \u015bwiadectwo uko\u0144czenia szko\u0142y podstawowej.<\/h5>\r\n<h5 style=\"text-align: justify;\"><strong>2.Wymagane dokumenty<\/strong><\/h5>\r\n<h5 style=\"text-align: justify;\">&#8211; Wniosek rodzic\u00f3w (prawnych opiekun\u00f3w) o przyj\u0119cie dziecka do szko\u0142y.<br \/>&#8211; Aktualne orzeczenie Poradni Psychologiczno-Pedagogicznej o potrzebie kszta\u0142cenia specjalnego kwalifikuj\u0105ce do szko\u0142y specjalnej.<br \/>&#8211; \u015awiadectwo uko\u0144czenia gimnazjum lub szko\u0142y podstawowej.<br \/>&#8211; Karta zdrowia oraz informacje o specjalistycznym leczeniu dziecka.<br \/>-2 fotografie<\/h5>\r\n<hr \/>\r\n<h4 style=\"text-align: justify;\"><strong>III. BRAN\u017bOWA SZKO\u0141A I STOPNIA<\/strong><\/h4>\r\n<h5 style=\"text-align: justify;\">\u00a0Prowadzimy nab\u00f3r do klasy I w zawodzie: <strong>kucharz<\/strong><\/h5>\r\n<h5 style=\"text-align: justify;\"><strong>1.Kryteria przyjmowania uczni\u00f3w do szko\u0142y<\/strong><\/h5>\r\n<h5 style=\"text-align: justify;\">Uczniowie przyjmowani s\u0105 do szko\u0142y na podstawie aktualnego orzeczenia o potrzebie kszta\u0142cenia specjalnego wydanego przez publiczn\u0105 poradni\u0119 psychologiczno-pedagogiczn\u0105 (niepe\u0142nosprawno\u015b\u0107 intelektualna w stopniu lekkim i niepe\u0142nosprawno\u015b\u0107 sprz\u0119\u017cona).<\/h5>\r\n<h5 style=\"text-align: justify;\">Do szko\u0142y przyjmowani s\u0105 kandydaci posiadaj\u0105cy \u015bwiadectwo uko\u0144czenia szko\u0142y podstawowej<\/h5>\r\n<h5 style=\"text-align: justify;\">Posiadaj\u0105 za\u015bwiadczenie lekarskie zawieraj\u0105ce orzeczenie o braku przeciwwskaza\u0144 zdrowotnych do podj\u0119cia praktycznej nauki zawodu.<\/h5>\r\n<h5 style=\"text-align: justify;\"><strong>2.Wymagane dokumenty<\/strong><\/h5>\r\n<h5 style=\"text-align: justify;\">\u00a0 &#8211; Wniosek rodzic\u00f3w (prawnych opiekun\u00f3w) o przyj\u0119cie ucznia do szko\u0142y.<br \/>&#8211; Aktualne orzeczenie Poradni Psychologiczno-Pedagogicznej o potrzebie kszta\u0142cenia specjalnego kwalifikuj\u0105ce do Szko\u0142y Bran\u017cowej.<br \/>&#8211; \u015awiadectwo uko\u0144czenia Szko\u0142y Podstawowej.<br \/>&#8211; Za\u015bwiadczenie OKE o wynikach egzaminu \u00f3smoklasisty.<br \/>&#8211; Za\u015bwiadczenie lekarskie zawieraj\u0105ce orzeczenie o braku przeciwwskaza\u0144 zdrowotnych do podj\u0119cia praktycznej nauki zawodu.<br \/>&#8211; Zawarta umowa o praktyczn\u0105 nauk\u0119 zawodu z pracodawc\u0105 lub o\u015bwiadczenie pracodawcy. (Szko\u0142a s\u0142u\u017cy pomoc\u0105 w poszukiwaniu praktycznej nauki zawodu)<br \/>&#8211; Karta informacyjna potwierdzaj\u0105ca przyj\u0119cie ucznia do szko\u0142y ponadpodstawowej<br \/>&#8211; 2 fotografie<\/h5>\r\n<hr \/>\r\n<h4><strong>INTERNAT<\/strong><\/h4>\r\n<h5>Osoby zainteresowane pobytem dziecka w internacie sk\u0142adaj\u0105 dodatkowe podanie do Dyrektora O\u015brodka.<\/h5>\r\n<p>&nbsp;<\/p>\r\n<p>[\/vc_column_text][\/vc_column][\/vc_row]<\/p><\/div>","protected":false},"excerpt":{"rendered":"<p>[vc_row][vc_column][vc_column_text css=&#8221;&#8221;] \u00a0 Od 1 LUTEGO 2026 roku trwa nab\u00f3r uczni\u00f3w do wszystkich klas nast\u0119puj\u0105cych typ\u00f3w szk\u00f3\u0142: SZKO\u0141A PODSTAWOWA \u00a0 \u00a0 \u00a0 \u00a0 \u00a0 \u00a0&hellip;<\/p>\n","protected":false},"author":2,"featured_media":0,"parent":41,"menu_order":0,"comment_status":"closed","ping_status":"closed","template":"","meta":{"footnotes":""},"class_list":["post-51","page","type-page","status-publish","hentry"],"_links":{"self":[{"href":"https:\/\/soswmyslenice.edu.pl\/new\/index.php\/wp-json\/wp\/v2\/pages\/51","targetHints":{"allow":["GET"]}}],"collection":[{"href":"https:\/\/soswmyslenice.edu.pl\/new\/index.php\/wp-json\/wp\/v2\/pages"}],"about":[{"href":"https:\/\/soswmyslenice.edu.pl\/new\/index.php\/wp-json\/wp\/v2\/types\/page"}],"author":[{"embeddable":true,"href":"https:\/\/soswmyslenice.edu.pl\/new\/index.php\/wp-json\/wp\/v2\/users\/2"}],"replies":[{"embeddable":true,"href":"https:\/\/soswmyslenice.edu.pl\/new\/index.php\/wp-json\/wp\/v2\/comments?post=51"}],"version-history":[{"count":26,"href":"https:\/\/soswmyslenice.edu.pl\/new\/index.php\/wp-json\/wp\/v2\/pages\/51\/revisions"}],"predecessor-version":[{"id":4859,"href":"https:\/\/soswmyslenice.edu.pl\/new\/index.php\/wp-json\/wp\/v2\/pages\/51\/revisions\/4859"}],"up":[{"embeddable":true,"href":"https:\/\/soswmyslenice.edu.pl\/new\/index.php\/wp-json\/wp\/v2\/pages\/41"}],"wp:attachment":[{"href":"https:\/\/soswmyslenice.edu.pl\/new\/index.php\/wp-json\/wp\/v2\/media?parent=51"}],"curies":[{"name":"wp","href":"https:\/\/api.w.org\/{rel}","templated":true}]}}