{"id":59,"date":"2018-11-17T11:01:01","date_gmt":"2018-11-17T10:01:01","guid":{"rendered":"http:\/\/soswmyslenice.edu.pl\/new\/?page_id=59"},"modified":"2026-03-23T18:20:59","modified_gmt":"2026-03-23T17:20:59","slug":"dokumenty-szkolne","status":"publish","type":"page","link":"https:\/\/soswmyslenice.edu.pl\/new\/index.php\/dokumenty-szkolne\/","title":{"rendered":"Dokumenty szkolne"},"content":{"rendered":"\n<h2 class=\"wp-block-heading\">Dokumenty szkolne<\/h2>\n\n\n\n<p><\/p>\n\n\n\n<p><a href=\"https:\/\/soswmyslenice.edu.pl\/new\/wp-content\/uploads\/2024\/09\/OWU-EDU-PLUS-obowiazujace-od-dnia-28.03.2024.pdf\">Ubezpieczenie uczni\u00f3w rok szkolny 2024\/2025<\/a><\/p>\n\n\n\n<hr class=\"wp-block-separator has-alpha-channel-opacity\"\/>\n\n\n\n<p>Standardy Ochrony Ma\u0142oletnich w Specjalnym O\u015brodku Szkolno Wychowawczym w My\u015blenicach<\/p>\n\n\n\n<div class=\"wp-block-file\"><a id=\"wp-block-file--media-d4393d08-e078-42ca-af69-0385ce74ce26\" href=\"https:\/\/soswmyslenice.edu.pl\/new\/wp-content\/uploads\/2026\/03\/S22BW-826032015560.pdf\">Standardy Ochrony Ma\u0142oletnich<\/a><a href=\"https:\/\/soswmyslenice.edu.pl\/new\/wp-content\/uploads\/2026\/03\/S22BW-826032015560.pdf\" class=\"wp-block-file__button wp-element-button\" download aria-describedby=\"wp-block-file--media-d4393d08-e078-42ca-af69-0385ce74ce26\">Pobierz<\/a><\/div>\n\n\n\n<p><\/p>\n","protected":false},"excerpt":{"rendered":"<p>Dokumenty szkolne Ubezpieczenie uczni\u00f3w rok szkolny 2024\/2025 Standardy Ochrony Ma\u0142oletnich w Specjalnym O\u015brodku Szkolno Wychowawczym w My\u015blenicach<\/p>\n","protected":false},"author":4,"featured_media":0,"parent":0,"menu_order":0,"comment_status":"closed","ping_status":"closed","template":"","meta":{"footnotes":""},"class_list":["post-59","page","type-page","status-publish","hentry"],"_links":{"self":[{"href":"https:\/\/soswmyslenice.edu.pl\/new\/index.php\/wp-json\/wp\/v2\/pages\/59","targetHints":{"allow":["GET"]}}],"collection":[{"href":"https:\/\/soswmyslenice.edu.pl\/new\/index.php\/wp-json\/wp\/v2\/pages"}],"about":[{"href":"https:\/\/soswmyslenice.edu.pl\/new\/index.php\/wp-json\/wp\/v2\/types\/page"}],"author":[{"embeddable":true,"href":"https:\/\/soswmyslenice.edu.pl\/new\/index.php\/wp-json\/wp\/v2\/users\/4"}],"replies":[{"embeddable":true,"href":"https:\/\/soswmyslenice.edu.pl\/new\/index.php\/wp-json\/wp\/v2\/comments?post=59"}],"version-history":[{"count":30,"href":"https:\/\/soswmyslenice.edu.pl\/new\/index.php\/wp-json\/wp\/v2\/pages\/59\/revisions"}],"predecessor-version":[{"id":4855,"href":"https:\/\/soswmyslenice.edu.pl\/new\/index.php\/wp-json\/wp\/v2\/pages\/59\/revisions\/4855"}],"wp:attachment":[{"href":"https:\/\/soswmyslenice.edu.pl\/new\/index.php\/wp-json\/wp\/v2\/media?parent=59"}],"curies":[{"name":"wp","href":"https:\/\/api.w.org\/{rel}","templated":true}]}}